{"id":41,"date":"2015-03-05T23:16:21","date_gmt":"2015-03-05T23:16:21","guid":{"rendered":"http:\/\/maquinaria-para-la-madera.com\/segur\/?page_id=41"},"modified":"2018-11-28T20:59:13","modified_gmt":"2018-11-28T20:59:13","slug":"maquinaria","status":"publish","type":"page","link":"https:\/\/www.tornilleriasegur.com\/eng\/maquinaria\/","title":{"rendered":"MACHINERY"},"content":{"rendered":"<p>[et_pb_section bb_built=&#8221;1&#8243;][et_pb_row][et_pb_column type=&#8221;4_4&#8243;][et_pb_text _builder_version=&#8221;3.17.6&#8243;]<\/p>\n<h1 class=\"entry-title\"><span style=\"color: #008000;\">M<\/span>ACHINERY<\/h1>\n<p>[\/et_pb_text][et_pb_divider _builder_version=&#8221;3.17.6&#8243; show_divider=&#8221;off&#8221; \/][et_pb_text _builder_version=&#8221;3.17.6&#8243;]<\/p>\n<p><strong>We have transfer stamping machines of up to 4 stations, which allows us to manufacture a wide range of products.<\/strong><\/p>\n<p>This flexibility allows us to carry out very varied production. Do not hesitate to consult us, whatever your requirements. Our experience combined with the advanced technology of our production equipment allow us to offer a wide range of solutions.<\/p>\n<p>[\/et_pb_text][\/et_pb_column][\/et_pb_row][et_pb_row][et_pb_column type=&#8221;1_3&#8243;][et_pb_blurb _builder_version=&#8221;3.17.6&#8243; image=&#8221;https:\/\/www.tornilleriasegur.com\/eng\/wp-content\/uploads\/2015\/03\/maquinaria-1.jpg&#8221; \/][\/et_pb_column][et_pb_column type=&#8221;1_3&#8243;][et_pb_blurb _builder_version=&#8221;3.17.6&#8243; image=&#8221;https:\/\/www.tornilleriasegur.com\/eng\/wp-content\/uploads\/2015\/03\/maquinaria-3.jpg&#8221; \/][\/et_pb_column][et_pb_column type=&#8221;1_3&#8243;][et_pb_blurb _builder_version=&#8221;3.17.6&#8243; image=&#8221;https:\/\/www.tornilleriasegur.com\/eng\/wp-content\/uploads\/2015\/03\/mauinaria-2.jpg&#8221; \/][\/et_pb_column][\/et_pb_row][\/et_pb_section]<\/p>\n","protected":false},"excerpt":{"rendered":"<p><div class=\"et_pb_row et_pb_row_0 et_pb_row_empty\">\n\t\t\t\t\n\t\t\t\t\n\t\t\t\t\n\t\t\t\t\n\t\t\t\t\n\t\t\t<\/div> MACHINERY We have transfer stamping machines of up to 4 stations, which allows us to manufacture a wide range of products.This flexibility allows us to carry out very varied production. Do not hesitate to consult us, whatever your requirements. Our experience combined with the advanced technology of our production equipment allow us to offer [&hellip;]<\/p>\n","protected":false},"author":1,"featured_media":0,"parent":0,"menu_order":0,"comment_status":"closed","ping_status":"closed","template":"","meta":{"_et_pb_use_builder":"on","_et_pb_old_content":"<p><strong>Disponemos de estampadoras transfer de hasta 4 estaciones lo que nos permite fabricar una amplia gama de productos.<\/strong><\/p><p>Esta flexibilidad nos permite realizar producciones muy variadas. No duden en consultarnos cualquiera que sean sus requerimientos. Nuestra experiencia sumada a la avanzada tecnolog\u00eda de nuestros equipos de producci\u00f3n nos permiten ofrecer un amplio abanico de soluciones.<\/p><p>[gallery link=\"file\" size=\"medium\" ids=\"69,70,71\"]<\/p>","_et_gb_content_width":"","footnotes":""},"class_list":["post-41","page","type-page","status-publish","hentry"],"yoast_head":"<!-- This site is optimized with the Yoast SEO plugin v27.2 - https:\/\/yoast.com\/product\/yoast-seo-wordpress\/ -->\n<title>tornillos especiales<\/title>\n<meta name=\"description\" content=\"Fabricaci\u00f3n por extrusi\u00f3n y estampaci\u00f3n en fr\u00edo de tornillos y piezas especiales bajo plano o muestra.\" \/>\n<meta name=\"robots\" content=\"index, follow, max-snippet:-1, max-image-preview:large, max-video-preview:-1\" \/>\n<link rel=\"canonical\" href=\"https:\/\/www.tornilleriasegur.com\/eng\/maquinaria\/\" \/>\n<meta property=\"og:locale\" content=\"en_US\" \/>\n<meta property=\"og:type\" content=\"article\" \/>\n<meta property=\"og:title\" content=\"tornillos especiales\" \/>\n<meta property=\"og:description\" content=\"Fabricaci\u00f3n por extrusi\u00f3n y estampaci\u00f3n en fr\u00edo de tornillos y piezas especiales bajo plano o muestra.\" \/>\n<meta property=\"og:url\" content=\"https:\/\/www.tornilleriasegur.com\/eng\/maquinaria\/\" \/>\n<meta property=\"og:site_name\" content=\"Tornilleria Segur\" \/>\n<meta property=\"article:modified_time\" content=\"2018-11-28T20:59:13+00:00\" \/>\n<meta name=\"twitter:label1\" content=\"Est. reading time\" \/>\n\t<meta name=\"twitter:data1\" content=\"1 minute\" \/>\n<script type=\"application\/ld+json\" class=\"yoast-schema-graph\">{\"@context\":\"https:\/\/schema.org\",\"@graph\":[{\"@type\":\"WebPage\",\"@id\":\"https:\/\/www.tornilleriasegur.com\/eng\/maquinaria\/\",\"url\":\"https:\/\/www.tornilleriasegur.com\/eng\/maquinaria\/\",\"name\":\"tornillos especiales\",\"isPartOf\":{\"@id\":\"https:\/\/www.tornilleriasegur.com\/eng\/#website\"},\"datePublished\":\"2015-03-05T23:16:21+00:00\",\"dateModified\":\"2018-11-28T20:59:13+00:00\",\"description\":\"Fabricaci\u00f3n por extrusi\u00f3n y estampaci\u00f3n en fr\u00edo de tornillos y piezas especiales bajo plano o muestra.\",\"breadcrumb\":{\"@id\":\"https:\/\/www.tornilleriasegur.com\/eng\/maquinaria\/#breadcrumb\"},\"inLanguage\":\"en-US\",\"potentialAction\":[{\"@type\":\"ReadAction\",\"target\":[\"https:\/\/www.tornilleriasegur.com\/eng\/maquinaria\/\"]}]},{\"@type\":\"BreadcrumbList\",\"@id\":\"https:\/\/www.tornilleriasegur.com\/eng\/maquinaria\/#breadcrumb\",\"itemListElement\":[{\"@type\":\"ListItem\",\"position\":1,\"name\":\"Portada\",\"item\":\"https:\/\/www.tornilleriasegur.com\/eng\/\"},{\"@type\":\"ListItem\",\"position\":2,\"name\":\"MACHINERY\"}]},{\"@type\":\"WebSite\",\"@id\":\"https:\/\/www.tornilleriasegur.com\/eng\/#website\",\"url\":\"https:\/\/www.tornilleriasegur.com\/eng\/\",\"name\":\"Tornilleria Segur\",\"description\":\"MANUFACTURING BY EXTRUSION AND COLD STAMPING OF SCREWS AND SPECIAL PARTS FROM DRAWINGS OR SAMPLES.\",\"potentialAction\":[{\"@type\":\"SearchAction\",\"target\":{\"@type\":\"EntryPoint\",\"urlTemplate\":\"https:\/\/www.tornilleriasegur.com\/eng\/?s={search_term_string}\"},\"query-input\":{\"@type\":\"PropertyValueSpecification\",\"valueRequired\":true,\"valueName\":\"search_term_string\"}}],\"inLanguage\":\"en-US\"}]}<\/script>\n<!-- \/ Yoast SEO plugin. -->","yoast_head_json":{"title":"tornillos especiales","description":"Fabricaci\u00f3n por extrusi\u00f3n y estampaci\u00f3n en fr\u00edo de tornillos y piezas especiales bajo plano o muestra.","robots":{"index":"index","follow":"follow","max-snippet":"max-snippet:-1","max-image-preview":"max-image-preview:large","max-video-preview":"max-video-preview:-1"},"canonical":"https:\/\/www.tornilleriasegur.com\/eng\/maquinaria\/","og_locale":"en_US","og_type":"article","og_title":"tornillos especiales","og_description":"Fabricaci\u00f3n por extrusi\u00f3n y estampaci\u00f3n en fr\u00edo de tornillos y piezas especiales bajo plano o muestra.","og_url":"https:\/\/www.tornilleriasegur.com\/eng\/maquinaria\/","og_site_name":"Tornilleria Segur","article_modified_time":"2018-11-28T20:59:13+00:00","twitter_misc":{"Est. reading time":"1 minute"},"schema":{"@context":"https:\/\/schema.org","@graph":[{"@type":"WebPage","@id":"https:\/\/www.tornilleriasegur.com\/eng\/maquinaria\/","url":"https:\/\/www.tornilleriasegur.com\/eng\/maquinaria\/","name":"tornillos especiales","isPartOf":{"@id":"https:\/\/www.tornilleriasegur.com\/eng\/#website"},"datePublished":"2015-03-05T23:16:21+00:00","dateModified":"2018-11-28T20:59:13+00:00","description":"Fabricaci\u00f3n por extrusi\u00f3n y estampaci\u00f3n en fr\u00edo de tornillos y piezas especiales bajo plano o muestra.","breadcrumb":{"@id":"https:\/\/www.tornilleriasegur.com\/eng\/maquinaria\/#breadcrumb"},"inLanguage":"en-US","potentialAction":[{"@type":"ReadAction","target":["https:\/\/www.tornilleriasegur.com\/eng\/maquinaria\/"]}]},{"@type":"BreadcrumbList","@id":"https:\/\/www.tornilleriasegur.com\/eng\/maquinaria\/#breadcrumb","itemListElement":[{"@type":"ListItem","position":1,"name":"Portada","item":"https:\/\/www.tornilleriasegur.com\/eng\/"},{"@type":"ListItem","position":2,"name":"MACHINERY"}]},{"@type":"WebSite","@id":"https:\/\/www.tornilleriasegur.com\/eng\/#website","url":"https:\/\/www.tornilleriasegur.com\/eng\/","name":"Tornilleria Segur","description":"MANUFACTURING BY EXTRUSION AND COLD STAMPING OF SCREWS AND SPECIAL PARTS FROM DRAWINGS OR SAMPLES.","potentialAction":[{"@type":"SearchAction","target":{"@type":"EntryPoint","urlTemplate":"https:\/\/www.tornilleriasegur.com\/eng\/?s={search_term_string}"},"query-input":{"@type":"PropertyValueSpecification","valueRequired":true,"valueName":"search_term_string"}}],"inLanguage":"en-US"}]}},"_links":{"self":[{"href":"https:\/\/www.tornilleriasegur.com\/eng\/wp-json\/wp\/v2\/pages\/41","targetHints":{"allow":["GET"]}}],"collection":[{"href":"https:\/\/www.tornilleriasegur.com\/eng\/wp-json\/wp\/v2\/pages"}],"about":[{"href":"https:\/\/www.tornilleriasegur.com\/eng\/wp-json\/wp\/v2\/types\/page"}],"author":[{"embeddable":true,"href":"https:\/\/www.tornilleriasegur.com\/eng\/wp-json\/wp\/v2\/users\/1"}],"replies":[{"embeddable":true,"href":"https:\/\/www.tornilleriasegur.com\/eng\/wp-json\/wp\/v2\/comments?post=41"}],"version-history":[{"count":6,"href":"https:\/\/www.tornilleriasegur.com\/eng\/wp-json\/wp\/v2\/pages\/41\/revisions"}],"predecessor-version":[{"id":571,"href":"https:\/\/www.tornilleriasegur.com\/eng\/wp-json\/wp\/v2\/pages\/41\/revisions\/571"}],"wp:attachment":[{"href":"https:\/\/www.tornilleriasegur.com\/eng\/wp-json\/wp\/v2\/media?parent=41"}],"curies":[{"name":"wp","href":"https:\/\/api.w.org\/{rel}","templated":true}]}}