{"id":282,"date":"2015-11-17T09:36:46","date_gmt":"2015-11-17T09:36:46","guid":{"rendered":"https:\/\/www.tornilleriasegur.com\/eng\/?page_id=282"},"modified":"2018-11-28T21:14:06","modified_gmt":"2018-11-28T21:14:06","slug":"piezas-para-caucho-metal","status":"publish","type":"page","link":"https:\/\/www.tornilleriasegur.com\/eng\/tornilleria-especial\/piezas-para-caucho-metal\/","title":{"rendered":"RUBBER-METAL PARTS"},"content":{"rendered":"<p>[et_pb_section bb_built=&#8221;1&#8243;][et_pb_row][et_pb_column type=&#8221;4_4&#8243;][et_pb_text _builder_version=&#8221;3.17.6&#8243;]<\/p>\n<h1 class=\"entry-title\"><span style=\"color: #008000;\">R<\/span>UBBER-METAL PARTS<\/h1>\n<p>[\/et_pb_text][\/et_pb_column][\/et_pb_row][et_pb_row][et_pb_column type=&#8221;1_3&#8243;][et_pb_sidebar _builder_version=&#8221;3.17.6&#8243; area=&#8221;sidebar-1&#8243; \/][\/et_pb_column][et_pb_column type=&#8221;2_3&#8243;][et_pb_text _builder_version=&#8221;3.17.6&#8243;]<\/p>\n<div id=\"attachment_184\" style=\"width: 310px\" class=\"wp-caption alignleft\"><a href=\"https:\/\/www.tornilleriasegur.com\/eng\/wp-content\/uploads\/2015\/03\/FOTO-141.jpg\"><img loading=\"lazy\" decoding=\"async\" aria-describedby=\"caption-attachment-184\" class=\"wp-image-184 size-medium\" src=\"https:\/\/www.tornilleriasegur.com\/eng\/wp-content\/uploads\/2015\/03\/FOTO-141-300x200.jpg\" alt=\"PIEZAS PARA CAUCHO METAL\" width=\"300\" height=\"200\" srcset=\"https:\/\/www.tornilleriasegur.com\/eng\/wp-content\/uploads\/2015\/03\/FOTO-141-300x200.jpg 300w, https:\/\/www.tornilleriasegur.com\/eng\/wp-content\/uploads\/2015\/03\/FOTO-141.jpg 900w, https:\/\/www.tornilleriasegur.com\/eng\/wp-content\/uploads\/2015\/03\/FOTO-141-400x267.jpg 400w\" sizes=\"(max-width: 300px) 100vw, 300px\" \/><\/a><p id=\"caption-attachment-184\" class=\"wp-caption-text\">RUBBER-METAL PARTS<\/p><\/div>\n<p>At Torniller\u00eda Segur, we manufacture parts for the rubber-metal sector with hexagonal heads of up to 21 mm width across flats (waf) and cylindrical heads of up to 35 mm in diameter.<br \/>Please contact us with any requirement that may have for these types of parts.<\/p>\n<p>[\/et_pb_text][\/et_pb_column][\/et_pb_row][\/et_pb_section]<\/p>\n","protected":false},"excerpt":{"rendered":"<p><div class=\"et_pb_row et_pb_row_0 et_pb_row_empty\">\n\t\t\t\t\n\t\t\t\t\n\t\t\t\t\n\t\t\t\t\n\t\t\t\t\n\t\t\t<\/div> RUBBER-METAL PARTS <div class=\"et_pb_row et_pb_row_1 et_pb_row_empty\">\n\t\t\t\t\n\t\t\t\t\n\t\t\t\t\n\t\t\t\t\n\t\t\t\t\n\t\t\t<\/div> At Torniller\u00eda Segur, we manufacture parts for the rubber-metal sector with hexagonal heads of up to 21 mm width across flats (waf) and cylindrical heads of up to 35 mm in diameter.Please contact us with any requirement that may have for these types of parts.<\/p>\n","protected":false},"author":1,"featured_media":0,"parent":153,"menu_order":0,"comment_status":"closed","ping_status":"closed","template":"","meta":{"_et_pb_use_builder":"on","_et_pb_old_content":"[caption id=\"attachment_184\" align=\"alignleft\" width=\"300\"]<a href=\"https:\/\/www.tornilleriasegur.com\/eng\/wp-content\/uploads\/2015\/03\/FOTO-141.jpg\"><img class=\"wp-image-184 size-medium\" src=\"https:\/\/www.tornilleriasegur.com\/eng\/wp-content\/uploads\/2015\/03\/FOTO-141-300x200.jpg\" alt=\"PIEZAS PARA CAUCHO METAL\" width=\"300\" height=\"200\" \/><\/a> PIEZAS PARA CAUCHO METAL[\/caption]<p>PIEZAS PARA CAUCHO METAL: En Torniller\u00eda Segur fabricamos piezas para el sector de caucho-metal con cabezas hexagonales de hasta 21 mm. de entrecara y cabezas cil\u00edndricas de hasta 35mm. de di\u00e1metro.<\/p><p>No duden en consultarnos cualquier requerimiento que puedan necesitar en este tipo de piezas.<\/p>","_et_gb_content_width":"","footnotes":""},"class_list":["post-282","page","type-page","status-publish","hentry"],"yoast_head":"<!-- This site is optimized with the Yoast SEO plugin v27.2 - https:\/\/yoast.com\/product\/yoast-seo-wordpress\/ -->\n<title>tornillos especiales<\/title>\n<meta name=\"description\" content=\"Fabricaci\u00f3n por extrusi\u00f3n y estampaci\u00f3n en fr\u00edo de tornillos y piezas especiales bajo plano o muestra.\" \/>\n<meta name=\"robots\" content=\"index, follow, max-snippet:-1, max-image-preview:large, max-video-preview:-1\" \/>\n<link rel=\"canonical\" href=\"https:\/\/www.tornilleriasegur.com\/eng\/tornilleria-especial\/piezas-para-caucho-metal\/\" \/>\n<meta property=\"og:locale\" content=\"en_US\" \/>\n<meta property=\"og:type\" content=\"article\" \/>\n<meta property=\"og:title\" content=\"tornillos especiales\" \/>\n<meta property=\"og:description\" content=\"Fabricaci\u00f3n por extrusi\u00f3n y estampaci\u00f3n en fr\u00edo de tornillos y piezas especiales bajo plano o muestra.\" \/>\n<meta property=\"og:url\" content=\"https:\/\/www.tornilleriasegur.com\/eng\/tornilleria-especial\/piezas-para-caucho-metal\/\" \/>\n<meta property=\"og:site_name\" content=\"Tornilleria Segur\" \/>\n<meta property=\"article:modified_time\" content=\"2018-11-28T21:14:06+00:00\" \/>\n<meta property=\"og:image\" content=\"https:\/\/www.tornilleriasegur.com\/eng\/wp-content\/uploads\/2015\/03\/FOTO-141-300x200.jpg\" \/>\n<meta name=\"twitter:label1\" content=\"Est. reading time\" \/>\n\t<meta name=\"twitter:data1\" content=\"1 minute\" \/>\n<script type=\"application\/ld+json\" class=\"yoast-schema-graph\">{\"@context\":\"https:\/\/schema.org\",\"@graph\":[{\"@type\":\"WebPage\",\"@id\":\"https:\/\/www.tornilleriasegur.com\/eng\/tornilleria-especial\/piezas-para-caucho-metal\/\",\"url\":\"https:\/\/www.tornilleriasegur.com\/eng\/tornilleria-especial\/piezas-para-caucho-metal\/\",\"name\":\"tornillos especiales\",\"isPartOf\":{\"@id\":\"https:\/\/www.tornilleriasegur.com\/eng\/#website\"},\"primaryImageOfPage\":{\"@id\":\"https:\/\/www.tornilleriasegur.com\/eng\/tornilleria-especial\/piezas-para-caucho-metal\/#primaryimage\"},\"image\":{\"@id\":\"https:\/\/www.tornilleriasegur.com\/eng\/tornilleria-especial\/piezas-para-caucho-metal\/#primaryimage\"},\"thumbnailUrl\":\"https:\/\/www.tornilleriasegur.com\/eng\/wp-content\/uploads\/2015\/03\/FOTO-141-300x200.jpg\",\"datePublished\":\"2015-11-17T09:36:46+00:00\",\"dateModified\":\"2018-11-28T21:14:06+00:00\",\"description\":\"Fabricaci\u00f3n por extrusi\u00f3n y estampaci\u00f3n en fr\u00edo de tornillos y piezas especiales bajo plano o muestra.\",\"breadcrumb\":{\"@id\":\"https:\/\/www.tornilleriasegur.com\/eng\/tornilleria-especial\/piezas-para-caucho-metal\/#breadcrumb\"},\"inLanguage\":\"en-US\",\"potentialAction\":[{\"@type\":\"ReadAction\",\"target\":[\"https:\/\/www.tornilleriasegur.com\/eng\/tornilleria-especial\/piezas-para-caucho-metal\/\"]}]},{\"@type\":\"ImageObject\",\"inLanguage\":\"en-US\",\"@id\":\"https:\/\/www.tornilleriasegur.com\/eng\/tornilleria-especial\/piezas-para-caucho-metal\/#primaryimage\",\"url\":\"https:\/\/www.tornilleriasegur.com\/eng\/wp-content\/uploads\/2015\/03\/FOTO-141-300x200.jpg\",\"contentUrl\":\"https:\/\/www.tornilleriasegur.com\/eng\/wp-content\/uploads\/2015\/03\/FOTO-141-300x200.jpg\"},{\"@type\":\"BreadcrumbList\",\"@id\":\"https:\/\/www.tornilleriasegur.com\/eng\/tornilleria-especial\/piezas-para-caucho-metal\/#breadcrumb\",\"itemListElement\":[{\"@type\":\"ListItem\",\"position\":1,\"name\":\"Portada\",\"item\":\"https:\/\/www.tornilleriasegur.com\/eng\/\"},{\"@type\":\"ListItem\",\"position\":2,\"name\":\"PRODUCTS\",\"item\":\"https:\/\/www.tornilleriasegur.com\/eng\/tornilleria-especial\/\"},{\"@type\":\"ListItem\",\"position\":3,\"name\":\"RUBBER-METAL PARTS\"}]},{\"@type\":\"WebSite\",\"@id\":\"https:\/\/www.tornilleriasegur.com\/eng\/#website\",\"url\":\"https:\/\/www.tornilleriasegur.com\/eng\/\",\"name\":\"Tornilleria Segur\",\"description\":\"MANUFACTURING BY EXTRUSION AND COLD STAMPING OF SCREWS AND SPECIAL PARTS FROM DRAWINGS OR SAMPLES.\",\"potentialAction\":[{\"@type\":\"SearchAction\",\"target\":{\"@type\":\"EntryPoint\",\"urlTemplate\":\"https:\/\/www.tornilleriasegur.com\/eng\/?s={search_term_string}\"},\"query-input\":{\"@type\":\"PropertyValueSpecification\",\"valueRequired\":true,\"valueName\":\"search_term_string\"}}],\"inLanguage\":\"en-US\"}]}<\/script>\n<!-- \/ Yoast SEO plugin. -->","yoast_head_json":{"title":"tornillos especiales","description":"Fabricaci\u00f3n por extrusi\u00f3n y estampaci\u00f3n en fr\u00edo de tornillos y piezas especiales bajo plano o muestra.","robots":{"index":"index","follow":"follow","max-snippet":"max-snippet:-1","max-image-preview":"max-image-preview:large","max-video-preview":"max-video-preview:-1"},"canonical":"https:\/\/www.tornilleriasegur.com\/eng\/tornilleria-especial\/piezas-para-caucho-metal\/","og_locale":"en_US","og_type":"article","og_title":"tornillos especiales","og_description":"Fabricaci\u00f3n por extrusi\u00f3n y estampaci\u00f3n en fr\u00edo de tornillos y piezas especiales bajo plano o muestra.","og_url":"https:\/\/www.tornilleriasegur.com\/eng\/tornilleria-especial\/piezas-para-caucho-metal\/","og_site_name":"Tornilleria Segur","article_modified_time":"2018-11-28T21:14:06+00:00","og_image":[{"url":"https:\/\/www.tornilleriasegur.com\/eng\/wp-content\/uploads\/2015\/03\/FOTO-141-300x200.jpg","type":"","width":"","height":""}],"twitter_misc":{"Est. reading time":"1 minute"},"schema":{"@context":"https:\/\/schema.org","@graph":[{"@type":"WebPage","@id":"https:\/\/www.tornilleriasegur.com\/eng\/tornilleria-especial\/piezas-para-caucho-metal\/","url":"https:\/\/www.tornilleriasegur.com\/eng\/tornilleria-especial\/piezas-para-caucho-metal\/","name":"tornillos especiales","isPartOf":{"@id":"https:\/\/www.tornilleriasegur.com\/eng\/#website"},"primaryImageOfPage":{"@id":"https:\/\/www.tornilleriasegur.com\/eng\/tornilleria-especial\/piezas-para-caucho-metal\/#primaryimage"},"image":{"@id":"https:\/\/www.tornilleriasegur.com\/eng\/tornilleria-especial\/piezas-para-caucho-metal\/#primaryimage"},"thumbnailUrl":"https:\/\/www.tornilleriasegur.com\/eng\/wp-content\/uploads\/2015\/03\/FOTO-141-300x200.jpg","datePublished":"2015-11-17T09:36:46+00:00","dateModified":"2018-11-28T21:14:06+00:00","description":"Fabricaci\u00f3n por extrusi\u00f3n y estampaci\u00f3n en fr\u00edo de tornillos y piezas especiales bajo plano o muestra.","breadcrumb":{"@id":"https:\/\/www.tornilleriasegur.com\/eng\/tornilleria-especial\/piezas-para-caucho-metal\/#breadcrumb"},"inLanguage":"en-US","potentialAction":[{"@type":"ReadAction","target":["https:\/\/www.tornilleriasegur.com\/eng\/tornilleria-especial\/piezas-para-caucho-metal\/"]}]},{"@type":"ImageObject","inLanguage":"en-US","@id":"https:\/\/www.tornilleriasegur.com\/eng\/tornilleria-especial\/piezas-para-caucho-metal\/#primaryimage","url":"https:\/\/www.tornilleriasegur.com\/eng\/wp-content\/uploads\/2015\/03\/FOTO-141-300x200.jpg","contentUrl":"https:\/\/www.tornilleriasegur.com\/eng\/wp-content\/uploads\/2015\/03\/FOTO-141-300x200.jpg"},{"@type":"BreadcrumbList","@id":"https:\/\/www.tornilleriasegur.com\/eng\/tornilleria-especial\/piezas-para-caucho-metal\/#breadcrumb","itemListElement":[{"@type":"ListItem","position":1,"name":"Portada","item":"https:\/\/www.tornilleriasegur.com\/eng\/"},{"@type":"ListItem","position":2,"name":"PRODUCTS","item":"https:\/\/www.tornilleriasegur.com\/eng\/tornilleria-especial\/"},{"@type":"ListItem","position":3,"name":"RUBBER-METAL PARTS"}]},{"@type":"WebSite","@id":"https:\/\/www.tornilleriasegur.com\/eng\/#website","url":"https:\/\/www.tornilleriasegur.com\/eng\/","name":"Tornilleria Segur","description":"MANUFACTURING BY EXTRUSION AND COLD STAMPING OF SCREWS AND SPECIAL PARTS FROM DRAWINGS OR SAMPLES.","potentialAction":[{"@type":"SearchAction","target":{"@type":"EntryPoint","urlTemplate":"https:\/\/www.tornilleriasegur.com\/eng\/?s={search_term_string}"},"query-input":{"@type":"PropertyValueSpecification","valueRequired":true,"valueName":"search_term_string"}}],"inLanguage":"en-US"}]}},"_links":{"self":[{"href":"https:\/\/www.tornilleriasegur.com\/eng\/wp-json\/wp\/v2\/pages\/282","targetHints":{"allow":["GET"]}}],"collection":[{"href":"https:\/\/www.tornilleriasegur.com\/eng\/wp-json\/wp\/v2\/pages"}],"about":[{"href":"https:\/\/www.tornilleriasegur.com\/eng\/wp-json\/wp\/v2\/types\/page"}],"author":[{"embeddable":true,"href":"https:\/\/www.tornilleriasegur.com\/eng\/wp-json\/wp\/v2\/users\/1"}],"replies":[{"embeddable":true,"href":"https:\/\/www.tornilleriasegur.com\/eng\/wp-json\/wp\/v2\/comments?post=282"}],"version-history":[{"count":9,"href":"https:\/\/www.tornilleriasegur.com\/eng\/wp-json\/wp\/v2\/pages\/282\/revisions"}],"predecessor-version":[{"id":574,"href":"https:\/\/www.tornilleriasegur.com\/eng\/wp-json\/wp\/v2\/pages\/282\/revisions\/574"}],"up":[{"embeddable":true,"href":"https:\/\/www.tornilleriasegur.com\/eng\/wp-json\/wp\/v2\/pages\/153"}],"wp:attachment":[{"href":"https:\/\/www.tornilleriasegur.com\/eng\/wp-json\/wp\/v2\/media?parent=282"}],"curies":[{"name":"wp","href":"https:\/\/api.w.org\/{rel}","templated":true}]}}