{"id":22,"date":"2015-03-05T22:54:03","date_gmt":"2015-03-05T22:54:03","guid":{"rendered":"http:\/\/maquinaria-para-la-madera.com\/segur\/?page_id=22"},"modified":"2022-02-01T16:10:00","modified_gmt":"2022-02-01T16:10:00","slug":"tornillos-especiales","status":"publish","type":"page","link":"https:\/\/www.tornilleriasegur.com\/eng\/","title":{"rendered":"PRESENTATION"},"content":{"rendered":"<p>[et_pb_section fb_built=&#8221;1&#8243; fullwidth=&#8221;on&#8221; _builder_version=&#8221;3.0.47&#8243;][et_pb_fullwidth_slider _builder_version=&#8221;3.17.6&#8243; auto=&#8221;on&#8221; auto_speed=&#8221;4000&#8243;][et_pb_slide use_bg_overlay=&#8221;off&#8221; use_text_overlay=&#8221;off&#8221; _builder_version=&#8221;3.17.6&#8243; background_color=&#8221;#ffffff&#8221; background_image=&#8221;https:\/\/www.tornilleriasegur.com\/eng\/wp-content\/uploads\/2015\/03\/slider1.jpg&#8221; background_size=&#8221;contain&#8221; button_on_hover=&#8221;on&#8221;][\/et_pb_slide][et_pb_slide use_bg_overlay=&#8221;off&#8221; use_text_overlay=&#8221;off&#8221; _builder_version=&#8221;3.17.6&#8243; background_color=&#8221;#ffffff&#8221; background_image=&#8221;https:\/\/www.tornilleriasegur.com\/eng\/wp-content\/uploads\/2015\/03\/slider3.jpg&#8221; background_size=&#8221;initial&#8221; button_on_hover=&#8221;on&#8221;][\/et_pb_slide][et_pb_slide use_bg_overlay=&#8221;off&#8221; use_text_overlay=&#8221;off&#8221; _builder_version=&#8221;3.17.6&#8243; background_color=&#8221;#ffffff&#8221; background_image=&#8221;https:\/\/www.tornilleriasegur.com\/eng\/wp-content\/uploads\/2015\/03\/slider2.jpg&#8221; background_size=&#8221;initial&#8221; button_on_hover=&#8221;on&#8221;][\/et_pb_slide][et_pb_slide use_bg_overlay=&#8221;off&#8221; use_text_overlay=&#8221;off&#8221; _builder_version=&#8221;3.17.6&#8243; background_color=&#8221;#ffffff&#8221; background_image=&#8221;https:\/\/www.tornilleriasegur.com\/eng\/wp-content\/uploads\/2015\/03\/slider4.jpg&#8221; background_size=&#8221;initial&#8221; button_on_hover=&#8221;on&#8221;][\/et_pb_slide][\/et_pb_fullwidth_slider][\/et_pb_section][et_pb_section fb_built=&#8221;1&#8243; admin_label=&#8221;section&#8221; _builder_version=&#8221;3.0.47&#8243;][et_pb_row custom_margin=&#8221;-35px|||&#8221; admin_label=&#8221;row&#8221; _builder_version=&#8221;3.17.6&#8243; background_size=&#8221;initial&#8221; background_position=&#8221;top_left&#8221; background_repeat=&#8221;repeat&#8221;][et_pb_column type=&#8221;4_4&#8243; _builder_version=&#8221;3.0.47&#8243; parallax=&#8221;off&#8221; parallax_method=&#8221;on&#8221;][et_pb_text _builder_version=&#8221;3.17.6&#8243;]<\/p>\n<h2 style=\"text-align: center;\"><span style=\"color: #008000;\"><b><big>MANUFACTURING BY EXTRUSION AND COLD STAMPING OF SCREWS AND SPECIAL PARTS FROM DRAWINGS OR SAMPLES.<\/big><\/b><\/span><\/h2>\n<div id=\"featured-post\" class=\"layout-four\">\u00a0<\/div>\n<p>[\/et_pb_text][et_pb_divider show_divider=&#8221;off&#8221; _builder_version=&#8221;3.17.6&#8243;][\/et_pb_divider][et_pb_text _builder_version=&#8221;3.17.6&#8243;]<\/p>\n<h2><span style=\"color: #008000;\">P<\/span>RESENTATION<\/h2>\n<p>[\/et_pb_text][et_pb_text _builder_version=&#8221;3.17.6&#8243; background_size=&#8221;initial&#8221; background_position=&#8221;top_left&#8221; background_repeat=&#8221;repeat&#8221;]<\/p>\n<p><strong><a href=\"https:\/\/www.tornilleriasegur.com\/eng\/wp-content\/uploads\/2015\/03\/fachada.jpg\"><img loading=\"lazy\" decoding=\"async\" class=\"alignleft wp-image-151 \" src=\"https:\/\/www.tornilleriasegur.com\/eng\/wp-content\/uploads\/2015\/03\/fachada-300x222.jpg\" alt=\"tornillos especiales\" width=\"386\" height=\"286\" srcset=\"https:\/\/www.tornilleriasegur.com\/eng\/wp-content\/uploads\/2015\/03\/fachada-300x222.jpg 300w, https:\/\/www.tornilleriasegur.com\/eng\/wp-content\/uploads\/2015\/03\/fachada.jpg 900w\" sizes=\"(max-width: 386px) 100vw, 386px\" \/><\/a><\/strong><\/p>\n<p>We are a company set up in 1963, with over<strong>\u00a050 years of experience<\/strong>\u00a0in manufacturing\u00a0<strong>cold-formed parts<\/strong>\u00a0with a diameter of 4 to 14 mm and lengths of up to 110 mm.<\/p>\n<p>Our products are mainly for the automotive sector, even though we have extensive experience in the sector of domestic appliances, electrification, public works, agricultural machinery, etc.<\/p>\n<p>We are a flexible and a highly-operative company through our technically advanced technical and highly qualified human resources with which we pursue customer satisfaction.<\/p>\n<p>Nous sommes une entreprise flexible et op\u00e9rationnelle gr\u00e2ce \u00e0 nos ressources techniques et humaines hautement qualifi\u00e9es, \u00e0 l\u2019aide desquelles nous voulons obtenir la satisfaction de nos clients.<\/p>\n<p>Notre direction et notre personnel de\u00a0<strong>Torniller\u00eda SEGUR, S.A.<\/strong>\u00a0s\u2019engagent \u00e0 obtenir la\u00a0<strong>SATISFACTION<\/strong>\u00a0de nos\u00a0<strong>CLIENTS<\/strong>. Pour cela, nous disposons d\u2019un Syst\u00e8me de Gestion de la Qualit\u00e9 efficace bas\u00e9 sur la norme\u00a0<strong>ISO 9001:2008.<\/strong><\/p>\n<p>[\/et_pb_text][et_pb_divider show_divider=&#8221;off&#8221; _builder_version=&#8221;3.17.6&#8243;][\/et_pb_divider][\/et_pb_column][\/et_pb_row][et_pb_row _builder_version=&#8221;3.0.48&#8243; background_size=&#8221;initial&#8221; background_position=&#8221;top_left&#8221; background_repeat=&#8221;repeat&#8221;][et_pb_column type=&#8221;4_4&#8243; _builder_version=&#8221;3.0.47&#8243; parallax=&#8221;off&#8221; parallax_method=&#8221;on&#8221;][et_pb_text _builder_version=&#8221;3.17.6&#8243;]<\/p>\n<h2><span style=\"color: #003300;\">E<span style=\"color: #000000;\">XPORT<\/span><\/span><\/h2>\n<p>[\/et_pb_text][\/et_pb_column][\/et_pb_row][et_pb_row _builder_version=&#8221;3.0.48&#8243; background_size=&#8221;initial&#8221; background_position=&#8221;top_left&#8221; background_repeat=&#8221;repeat&#8221;][et_pb_column type=&#8221;1_3&#8243; _builder_version=&#8221;3.0.47&#8243; parallax=&#8221;off&#8221; parallax_method=&#8221;on&#8221;][et_pb_blurb url=&#8221;http:\/\/fastenex.com\/es\/&#8221; image=&#8221;httpS:\/\/www.tornilleriasegur.com\/eng\/wp-content\/uploads\/2015\/03\/fastenex.jpg&#8221; _builder_version=&#8221;3.17.6&#8243; border_radii_image=&#8221;on|25px|25px|25px|25px&#8221; border_width_all_image=&#8221;3px&#8221; link_option_url=&#8221;http:\/\/fastenex.com\/es\/&#8221;][\/et_pb_blurb][\/et_pb_column][et_pb_column type=&#8221;2_3&#8243; _builder_version=&#8221;3.0.47&#8243; parallax=&#8221;off&#8221; parallax_method=&#8221;on&#8221;][et_pb_text _builder_version=&#8221;3.17.6&#8243;]<\/p>\n<h3>FASTENEX SL<\/h3>\n<p>FASTENEX, S.L., is a group of manufacturers in the north of Spain and was founded in 1986. We are manufacturers of special \u00a0and standard\u00a0<strong>fasteners: screws, bolts, nuts, washers and other, special parts.<\/strong><\/p>\n<p>We mainly deliver to European countries and actually we have representations in Germany and in France.<\/p>\n<p>As a group we can offer you an wide range of products for different sectors like automotive, industry, railway, construction and others.<\/p>\n<p>Every year, we actively participate in exhibitions in Europe.<\/p>\n<h3>COMMITMENT WITH FASTENEX CUSTOMERS<\/h3>\n<p>As a result of our commercial plan, all the members-manufacturers of the Fastenex group have made the following commitments:<br \/>\u2022 Give an answer to the enquiries in a maximum of 3 working days.<br \/>\u2022 Confirm the orders in a maximum of 3 working days.<br \/>\u2022 Give an answer to the quallity claims in a maximum of 24 hours.<\/p>\n<p>&nbsp;<\/p>\n<p>&nbsp;<\/p>\n<p>[\/et_pb_text][\/et_pb_column][\/et_pb_row][et_pb_row _builder_version=&#8221;3.0.48&#8243; background_size=&#8221;initial&#8221; background_position=&#8221;top_left&#8221; background_repeat=&#8221;repeat&#8221;][et_pb_column type=&#8221;4_4&#8243; _builder_version=&#8221;3.0.47&#8243; parallax=&#8221;off&#8221; parallax_method=&#8221;on&#8221;][et_pb_text _builder_version=&#8221;3.17.6&#8243;]<\/p>\n<h2><span style=\"color: #008000;\">L<\/span>OCATION<\/h2>\n<p>[\/et_pb_text][et_pb_divider show_divider=&#8221;off&#8221; _builder_version=&#8221;3.17.6&#8243;][\/et_pb_divider][\/et_pb_column][et_pb_column type=&#8221;4_4&#8243; _builder_version=&#8221;3.0.47&#8243; parallax=&#8221;off&#8221; parallax_method=&#8221;on&#8221;][et_pb_map address=&#8221;Amillaga Kalea, 13, 20570 Bergara, Gipuzkoa, Espa\u00f1a&#8221; address_lat=&#8221;43.12434274749794&#8243; address_lng=&#8221;-2.4231077339661624&#8243; _builder_version=&#8221;3.17.6&#8243;][et_pb_map_pin title=&#8221;TORNILLER\u00cdA SEGUR&#8221; pin_address=&#8221;Amillaga Kalea, 16, 20570 Bergara, Gipuzkoa, Espa\u00f1a&#8221; pin_address_lat=&#8221;43.12420228264576&#8243; pin_address_lng=&#8221;-2.4232877764769682&#8243; _builder_version=&#8221;3.17.6&#8243;][\/et_pb_map_pin][\/et_pb_map][\/et_pb_column][\/et_pb_row][\/et_pb_section]<\/p>\n","protected":false},"excerpt":{"rendered":"<p>MANUFACTURING BY EXTRUSION AND COLD STAMPING OF SCREWS AND SPECIAL PARTS FROM DRAWINGS OR SAMPLES. \u00a0 PRESENTATION We are a company set up in 1963, with over\u00a050 years of experience\u00a0in manufacturing\u00a0cold-formed parts\u00a0with a diameter of 4 to 14 mm and lengths of up to 110 mm. Our products are mainly for the automotive sector, even [&hellip;]<\/p>\n","protected":false},"author":1,"featured_media":0,"parent":0,"menu_order":0,"comment_status":"closed","ping_status":"closed","template":"","meta":{"_et_pb_use_builder":"on","_et_pb_old_content":"<h2>Tornillos especiales<\/h2><p><strong><a href=\"https:\/\/www.tornilleriasegur.com\/eng\/wp-content\/uploads\/2015\/03\/fachada.jpg\"><img class=\"alignleft wp-image-151 size-medium\" src=\"https:\/\/www.tornilleriasegur.com\/eng\/wp-content\/uploads\/2015\/03\/fachada-300x222.jpg\" alt=\"tornillos especiales\" width=\"300\" height=\"222\" \/><\/a><br \/> <\/strong><\/p><p><strong>Somos una empresa fundada en 1963, con m\u00e1s de 50 a\u00f1os de experiencia en la fabricaci\u00f3n de piezas por deformaci\u00f3n en fr\u00edo<\/strong> desde di\u00e1metro de 4mm hasta 14mm y longitudes hasta 110mm.<\/p><p>Nuestros productos van dirigidos principalmente al <strong>sector de Automoci\u00f3n<\/strong>, aunque tambi\u00e9n tenemos amplia experiencia en sectores como <strong>electrodom\u00e9sticos, electrificaci\u00f3n, obras p\u00fablicas, maquinaria agr\u00edcola, etc\u2026<\/strong><\/p><p>Somos una empresa \u00e1gil y operativa gracias a nuestros recursos t\u00e9cnicos y humanos altamente cualificados, con los que queremos lograr la satisfacci\u00f3n de nuestros clientes.<\/p><p>La direcci\u00f3n y personal de <strong>Torniller\u00eda SEGUR, S.A.<\/strong> estamos comprometidos en conseguir la <strong>SATISFACCI\u00d3N<\/strong> de nuestros\u00a0<strong>CLIENTES<\/strong>, para lo cual disponemos de un Sistema de Gesti\u00f3n de la Calidad eficaz basado en la norma <strong>ISO 9001:2008.<\/strong><\/p>","_et_gb_content_width":"","footnotes":""},"class_list":["post-22","page","type-page","status-publish","hentry"],"yoast_head":"<!-- This site is optimized with the Yoast SEO plugin v27.2 - https:\/\/yoast.com\/product\/yoast-seo-wordpress\/ -->\n<title>tornillos especiales<\/title>\n<meta name=\"description\" content=\"Fabricacion de tornillos especiales\" \/>\n<meta name=\"robots\" content=\"index, follow, max-snippet:-1, max-image-preview:large, max-video-preview:-1\" \/>\n<link rel=\"canonical\" href=\"https:\/\/www.tornilleriasegur.com\/eng\/\" \/>\n<meta property=\"og:locale\" content=\"en_US\" \/>\n<meta property=\"og:type\" content=\"article\" \/>\n<meta property=\"og:title\" content=\"tornillos especiales\" \/>\n<meta property=\"og:description\" content=\"Fabricacion de tornillos especiales\" \/>\n<meta property=\"og:url\" content=\"https:\/\/www.tornilleriasegur.com\/eng\/\" \/>\n<meta property=\"og:site_name\" content=\"Tornilleria Segur\" \/>\n<meta property=\"article:modified_time\" content=\"2022-02-01T16:10:00+00:00\" \/>\n<meta property=\"og:image\" content=\"https:\/\/www.tornilleriasegur.com\/eng\/wp-content\/uploads\/2015\/03\/fachada-300x222.jpg\" \/>\n<meta name=\"twitter:label1\" content=\"Est. reading time\" \/>\n\t<meta name=\"twitter:data1\" content=\"4 minutes\" \/>\n<script type=\"application\/ld+json\" class=\"yoast-schema-graph\">{\"@context\":\"https:\/\/schema.org\",\"@graph\":[{\"@type\":\"WebPage\",\"@id\":\"https:\/\/www.tornilleriasegur.com\/eng\/\",\"url\":\"https:\/\/www.tornilleriasegur.com\/eng\/\",\"name\":\"tornillos especiales\",\"isPartOf\":{\"@id\":\"https:\/\/www.tornilleriasegur.com\/eng\/#website\"},\"primaryImageOfPage\":{\"@id\":\"https:\/\/www.tornilleriasegur.com\/eng\/#primaryimage\"},\"image\":{\"@id\":\"https:\/\/www.tornilleriasegur.com\/eng\/#primaryimage\"},\"thumbnailUrl\":\"https:\/\/www.tornilleriasegur.com\/eng\/wp-content\/uploads\/2015\/03\/fachada-300x222.jpg\",\"datePublished\":\"2015-03-05T22:54:03+00:00\",\"dateModified\":\"2022-02-01T16:10:00+00:00\",\"description\":\"Fabricacion de tornillos especiales\",\"breadcrumb\":{\"@id\":\"https:\/\/www.tornilleriasegur.com\/eng\/#breadcrumb\"},\"inLanguage\":\"en-US\",\"potentialAction\":[{\"@type\":\"ReadAction\",\"target\":[\"https:\/\/www.tornilleriasegur.com\/eng\/\"]}]},{\"@type\":\"ImageObject\",\"inLanguage\":\"en-US\",\"@id\":\"https:\/\/www.tornilleriasegur.com\/eng\/#primaryimage\",\"url\":\"https:\/\/www.tornilleriasegur.com\/eng\/wp-content\/uploads\/2015\/03\/fachada-300x222.jpg\",\"contentUrl\":\"https:\/\/www.tornilleriasegur.com\/eng\/wp-content\/uploads\/2015\/03\/fachada-300x222.jpg\"},{\"@type\":\"BreadcrumbList\",\"@id\":\"https:\/\/www.tornilleriasegur.com\/eng\/#breadcrumb\",\"itemListElement\":[{\"@type\":\"ListItem\",\"position\":1,\"name\":\"Portada\",\"item\":\"https:\/\/www.tornilleriasegur.com\/eng\/\"},{\"@type\":\"ListItem\",\"position\":2,\"name\":\"PRESENTATION\"}]},{\"@type\":\"WebSite\",\"@id\":\"https:\/\/www.tornilleriasegur.com\/eng\/#website\",\"url\":\"https:\/\/www.tornilleriasegur.com\/eng\/\",\"name\":\"Tornilleria Segur\",\"description\":\"MANUFACTURING BY EXTRUSION AND COLD STAMPING OF SCREWS AND SPECIAL PARTS FROM DRAWINGS OR SAMPLES.\",\"potentialAction\":[{\"@type\":\"SearchAction\",\"target\":{\"@type\":\"EntryPoint\",\"urlTemplate\":\"https:\/\/www.tornilleriasegur.com\/eng\/?s={search_term_string}\"},\"query-input\":{\"@type\":\"PropertyValueSpecification\",\"valueRequired\":true,\"valueName\":\"search_term_string\"}}],\"inLanguage\":\"en-US\"}]}<\/script>\n<!-- \/ Yoast SEO plugin. -->","yoast_head_json":{"title":"tornillos especiales","description":"Fabricacion de tornillos especiales","robots":{"index":"index","follow":"follow","max-snippet":"max-snippet:-1","max-image-preview":"max-image-preview:large","max-video-preview":"max-video-preview:-1"},"canonical":"https:\/\/www.tornilleriasegur.com\/eng\/","og_locale":"en_US","og_type":"article","og_title":"tornillos especiales","og_description":"Fabricacion de tornillos especiales","og_url":"https:\/\/www.tornilleriasegur.com\/eng\/","og_site_name":"Tornilleria Segur","article_modified_time":"2022-02-01T16:10:00+00:00","og_image":[{"url":"https:\/\/www.tornilleriasegur.com\/eng\/wp-content\/uploads\/2015\/03\/fachada-300x222.jpg","type":"","width":"","height":""}],"twitter_misc":{"Est. reading time":"4 minutes"},"schema":{"@context":"https:\/\/schema.org","@graph":[{"@type":"WebPage","@id":"https:\/\/www.tornilleriasegur.com\/eng\/","url":"https:\/\/www.tornilleriasegur.com\/eng\/","name":"tornillos especiales","isPartOf":{"@id":"https:\/\/www.tornilleriasegur.com\/eng\/#website"},"primaryImageOfPage":{"@id":"https:\/\/www.tornilleriasegur.com\/eng\/#primaryimage"},"image":{"@id":"https:\/\/www.tornilleriasegur.com\/eng\/#primaryimage"},"thumbnailUrl":"https:\/\/www.tornilleriasegur.com\/eng\/wp-content\/uploads\/2015\/03\/fachada-300x222.jpg","datePublished":"2015-03-05T22:54:03+00:00","dateModified":"2022-02-01T16:10:00+00:00","description":"Fabricacion de tornillos especiales","breadcrumb":{"@id":"https:\/\/www.tornilleriasegur.com\/eng\/#breadcrumb"},"inLanguage":"en-US","potentialAction":[{"@type":"ReadAction","target":["https:\/\/www.tornilleriasegur.com\/eng\/"]}]},{"@type":"ImageObject","inLanguage":"en-US","@id":"https:\/\/www.tornilleriasegur.com\/eng\/#primaryimage","url":"https:\/\/www.tornilleriasegur.com\/eng\/wp-content\/uploads\/2015\/03\/fachada-300x222.jpg","contentUrl":"https:\/\/www.tornilleriasegur.com\/eng\/wp-content\/uploads\/2015\/03\/fachada-300x222.jpg"},{"@type":"BreadcrumbList","@id":"https:\/\/www.tornilleriasegur.com\/eng\/#breadcrumb","itemListElement":[{"@type":"ListItem","position":1,"name":"Portada","item":"https:\/\/www.tornilleriasegur.com\/eng\/"},{"@type":"ListItem","position":2,"name":"PRESENTATION"}]},{"@type":"WebSite","@id":"https:\/\/www.tornilleriasegur.com\/eng\/#website","url":"https:\/\/www.tornilleriasegur.com\/eng\/","name":"Tornilleria Segur","description":"MANUFACTURING BY EXTRUSION AND COLD STAMPING OF SCREWS AND SPECIAL PARTS FROM DRAWINGS OR SAMPLES.","potentialAction":[{"@type":"SearchAction","target":{"@type":"EntryPoint","urlTemplate":"https:\/\/www.tornilleriasegur.com\/eng\/?s={search_term_string}"},"query-input":{"@type":"PropertyValueSpecification","valueRequired":true,"valueName":"search_term_string"}}],"inLanguage":"en-US"}]}},"_links":{"self":[{"href":"https:\/\/www.tornilleriasegur.com\/eng\/wp-json\/wp\/v2\/pages\/22","targetHints":{"allow":["GET"]}}],"collection":[{"href":"https:\/\/www.tornilleriasegur.com\/eng\/wp-json\/wp\/v2\/pages"}],"about":[{"href":"https:\/\/www.tornilleriasegur.com\/eng\/wp-json\/wp\/v2\/types\/page"}],"author":[{"embeddable":true,"href":"https:\/\/www.tornilleriasegur.com\/eng\/wp-json\/wp\/v2\/users\/1"}],"replies":[{"embeddable":true,"href":"https:\/\/www.tornilleriasegur.com\/eng\/wp-json\/wp\/v2\/comments?post=22"}],"version-history":[{"count":48,"href":"https:\/\/www.tornilleriasegur.com\/eng\/wp-json\/wp\/v2\/pages\/22\/revisions"}],"predecessor-version":[{"id":595,"href":"https:\/\/www.tornilleriasegur.com\/eng\/wp-json\/wp\/v2\/pages\/22\/revisions\/595"}],"wp:attachment":[{"href":"https:\/\/www.tornilleriasegur.com\/eng\/wp-json\/wp\/v2\/media?parent=22"}],"curies":[{"name":"wp","href":"https:\/\/api.w.org\/{rel}","templated":true}]}}