{"id":153,"date":"2015-03-08T10:44:27","date_gmt":"2015-03-08T10:44:27","guid":{"rendered":"http:\/\/maquinaria-para-la-madera.com\/segur\/?page_id=153"},"modified":"2018-11-28T21:10:36","modified_gmt":"2018-11-28T21:10:36","slug":"tornilleria-especial","status":"publish","type":"page","link":"https:\/\/www.tornilleriasegur.com\/eng\/tornilleria-especial\/","title":{"rendered":"PRODUCTS"},"content":{"rendered":"<p>[et_pb_section bb_built=&#8221;1&#8243; admin_label=&#8221;section&#8221;][et_pb_row admin_label=&#8221;row&#8221; background_position=&#8221;top_left&#8221; background_repeat=&#8221;repeat&#8221; background_size=&#8221;initial&#8221;][et_pb_column type=&#8221;1_3&#8243;][et_pb_sidebar orientation=&#8221;left&#8221; area=&#8221;sidebar-1&#8243; background_layout=&#8221;light&#8221; remove_border=&#8221;off&#8221; show_border=&#8221;on&#8221; \/][\/et_pb_column][et_pb_column type=&#8221;2_3&#8243;][et_pb_text background_position=&#8221;top_left&#8221; background_repeat=&#8221;repeat&#8221; background_size=&#8221;initial&#8221; _builder_version=&#8221;3.17.6&#8243;]<\/p>\n<h1 class=\"entry-title\"><span style=\"color: #008000;\">P<\/span><a title=\"Permalink to PRODUCTS\" href=\"https:\/\/www.tornilleriasegur.com\/eng\/productos-2\/\" rel=\"bookmark\">RODUCTS<\/a><\/h1>\n<p><a href=\"https:\/\/www.tornilleriasegur.com\/eng\/wp-content\/uploads\/2015\/03\/file0001101438544.jpg\"><img loading=\"lazy\" decoding=\"async\" class=\" alignleft wp-image-262\" src=\"https:\/\/www.tornilleriasegur.com\/eng\/wp-content\/uploads\/2015\/03\/file0001101438544-290x300.jpg\" alt=\"Tornilleria especial\" width=\"62\" height=\"64\" srcset=\"https:\/\/www.tornilleriasegur.com\/eng\/wp-content\/uploads\/2015\/03\/file0001101438544-290x300.jpg 290w, https:\/\/www.tornilleriasegur.com\/eng\/wp-content\/uploads\/2015\/03\/file0001101438544.jpg 773w\" sizes=\"(max-width: 62px) 100vw, 62px\" \/><\/a><\/p>\n<p>At Torniller\u00eda Segur we manufacture<strong>\u00a0<\/strong><strong>special screws<\/strong>, parts from drawings or samples, with a diameter from 4 mm to 14 mm and lengths of up to 110 mm in grades 4.8, 5.6, 6.8, 8.8, 10.9 and 12.9 as well as in other materials such as brass, copper, stainless steel\u2026<\/p>\n<p>Our extensive experience in the manufacture of special screws, coupled with the most advanced manufacturing machinery, allow us to adapt with total flexibility to the requests of our customers and provide solutions for the most diverse requirements.<\/p>\n<p>Please contact us for any needs you may have using the\u00a0<a href=\"http:\/\/www.tornilleriasegur.com\/contacto\/\">contact form.<\/a>\u00a0For companies outside Spain, you can contact us through our export consortium\u00a0<a href=\"http:\/\/www.fastenex.com\/\">Fastenex<\/a><\/p>\n<ul class=\"et_post_gallery clearfix\">\n\t\t\t\t\t<li class=\"et_gallery_item et_pb_gallery_image\">\n\t\t\t\t\t\t<a href=\"https:\/\/www.tornilleriasegur.com\/eng\/wp-content\/uploads\/2015\/03\/FOTO-15.jpg\" title=\"FOTO-1\">\n\t\t\t\t\t\t\t<span class=\"et_portfolio_image\">\n\t\t\t\t\t\t\t\t<img loading=\"lazy\" decoding=\"async\" width=\"400\" height=\"267\" src=\"https:\/\/www.tornilleriasegur.com\/eng\/wp-content\/uploads\/2015\/03\/FOTO-15.jpg\" class=\"attachment-et-pb-portfolio-image size-et-pb-portfolio-image\" alt=\"\" srcset=\"https:\/\/www.tornilleriasegur.com\/eng\/wp-content\/uploads\/2015\/03\/FOTO-15.jpg 900w, https:\/\/www.tornilleriasegur.com\/eng\/wp-content\/uploads\/2015\/03\/FOTO-15-300x200.jpg 300w, https:\/\/www.tornilleriasegur.com\/eng\/wp-content\/uploads\/2015\/03\/FOTO-15-400x267.jpg 400w\" sizes=\"(max-width: 400px) 100vw, 400px\" \/>\n\t\t\t\t\t\t\t\t<span class=\"et_overlay\"><\/span>\n\t\t\t\t\t\t\t<\/span>\n\t\t\t\t\t\t<\/a>\n\t\t\t\t\t\t\n\t\t\t\t\t<\/li><li class=\"et_gallery_item et_pb_gallery_image\">\n\t\t\t\t\t\t<a href=\"https:\/\/www.tornilleriasegur.com\/eng\/wp-content\/uploads\/2015\/03\/FOTO-23.jpg\" title=\"FOTO-2\">\n\t\t\t\t\t\t\t<span class=\"et_portfolio_image\">\n\t\t\t\t\t\t\t\t<img loading=\"lazy\" decoding=\"async\" width=\"400\" height=\"267\" src=\"https:\/\/www.tornilleriasegur.com\/eng\/wp-content\/uploads\/2015\/03\/FOTO-23.jpg\" class=\"attachment-et-pb-portfolio-image size-et-pb-portfolio-image\" alt=\"\" srcset=\"https:\/\/www.tornilleriasegur.com\/eng\/wp-content\/uploads\/2015\/03\/FOTO-23.jpg 900w, https:\/\/www.tornilleriasegur.com\/eng\/wp-content\/uploads\/2015\/03\/FOTO-23-300x200.jpg 300w, https:\/\/www.tornilleriasegur.com\/eng\/wp-content\/uploads\/2015\/03\/FOTO-23-400x267.jpg 400w\" sizes=\"(max-width: 400px) 100vw, 400px\" \/>\n\t\t\t\t\t\t\t\t<span class=\"et_overlay\"><\/span>\n\t\t\t\t\t\t\t<\/span>\n\t\t\t\t\t\t<\/a>\n\t\t\t\t\t\t\n\t\t\t\t\t<\/li><li class=\"et_gallery_item et_pb_gallery_image\">\n\t\t\t\t\t\t<a href=\"https:\/\/www.tornilleriasegur.com\/eng\/wp-content\/uploads\/2015\/03\/FOTO-32.jpg\" title=\"FOTO-3\">\n\t\t\t\t\t\t\t<span class=\"et_portfolio_image\">\n\t\t\t\t\t\t\t\t<img loading=\"lazy\" decoding=\"async\" width=\"400\" height=\"267\" src=\"https:\/\/www.tornilleriasegur.com\/eng\/wp-content\/uploads\/2015\/03\/FOTO-32.jpg\" class=\"attachment-et-pb-portfolio-image size-et-pb-portfolio-image\" alt=\"\" srcset=\"https:\/\/www.tornilleriasegur.com\/eng\/wp-content\/uploads\/2015\/03\/FOTO-32.jpg 900w, https:\/\/www.tornilleriasegur.com\/eng\/wp-content\/uploads\/2015\/03\/FOTO-32-300x200.jpg 300w, https:\/\/www.tornilleriasegur.com\/eng\/wp-content\/uploads\/2015\/03\/FOTO-32-400x267.jpg 400w\" sizes=\"(max-width: 400px) 100vw, 400px\" \/>\n\t\t\t\t\t\t\t\t<span class=\"et_overlay\"><\/span>\n\t\t\t\t\t\t\t<\/span>\n\t\t\t\t\t\t<\/a>\n\t\t\t\t\t\t\n\t\t\t\t\t<\/li><li class=\"et_gallery_item et_pb_gallery_image\">\n\t\t\t\t\t\t<a href=\"https:\/\/www.tornilleriasegur.com\/eng\/wp-content\/uploads\/2015\/03\/FOTO-43.jpg\" title=\"FOTO-4\">\n\t\t\t\t\t\t\t<span class=\"et_portfolio_image\">\n\t\t\t\t\t\t\t\t<img loading=\"lazy\" decoding=\"async\" width=\"400\" height=\"267\" src=\"https:\/\/www.tornilleriasegur.com\/eng\/wp-content\/uploads\/2015\/03\/FOTO-43.jpg\" class=\"attachment-et-pb-portfolio-image size-et-pb-portfolio-image\" alt=\"\" srcset=\"https:\/\/www.tornilleriasegur.com\/eng\/wp-content\/uploads\/2015\/03\/FOTO-43.jpg 900w, https:\/\/www.tornilleriasegur.com\/eng\/wp-content\/uploads\/2015\/03\/FOTO-43-300x200.jpg 300w, https:\/\/www.tornilleriasegur.com\/eng\/wp-content\/uploads\/2015\/03\/FOTO-43-400x267.jpg 400w\" sizes=\"(max-width: 400px) 100vw, 400px\" \/>\n\t\t\t\t\t\t\t\t<span class=\"et_overlay\"><\/span>\n\t\t\t\t\t\t\t<\/span>\n\t\t\t\t\t\t<\/a>\n\t\t\t\t\t\t\n\t\t\t\t\t<\/li><li class=\"et_gallery_item et_pb_gallery_image\">\n\t\t\t\t\t\t<a href=\"https:\/\/www.tornilleriasegur.com\/eng\/wp-content\/uploads\/2015\/03\/FOTO-53.jpg\" title=\"FOTO-5\">\n\t\t\t\t\t\t\t<span class=\"et_portfolio_image\">\n\t\t\t\t\t\t\t\t<img loading=\"lazy\" decoding=\"async\" width=\"400\" height=\"267\" src=\"https:\/\/www.tornilleriasegur.com\/eng\/wp-content\/uploads\/2015\/03\/FOTO-53.jpg\" class=\"attachment-et-pb-portfolio-image size-et-pb-portfolio-image\" alt=\"\" srcset=\"https:\/\/www.tornilleriasegur.com\/eng\/wp-content\/uploads\/2015\/03\/FOTO-53.jpg 900w, https:\/\/www.tornilleriasegur.com\/eng\/wp-content\/uploads\/2015\/03\/FOTO-53-300x200.jpg 300w, https:\/\/www.tornilleriasegur.com\/eng\/wp-content\/uploads\/2015\/03\/FOTO-53-400x267.jpg 400w\" sizes=\"(max-width: 400px) 100vw, 400px\" \/>\n\t\t\t\t\t\t\t\t<span class=\"et_overlay\"><\/span>\n\t\t\t\t\t\t\t<\/span>\n\t\t\t\t\t\t<\/a>\n\t\t\t\t\t\t\n\t\t\t\t\t<\/li><li class=\"et_gallery_item et_pb_gallery_image\">\n\t\t\t\t\t\t<a href=\"https:\/\/www.tornilleriasegur.com\/eng\/wp-content\/uploads\/2015\/03\/FOTO-63.jpg\" title=\"FOTO-6\">\n\t\t\t\t\t\t\t<span class=\"et_portfolio_image\">\n\t\t\t\t\t\t\t\t<img loading=\"lazy\" decoding=\"async\" width=\"400\" height=\"267\" src=\"https:\/\/www.tornilleriasegur.com\/eng\/wp-content\/uploads\/2015\/03\/FOTO-63.jpg\" class=\"attachment-et-pb-portfolio-image size-et-pb-portfolio-image\" alt=\"\" srcset=\"https:\/\/www.tornilleriasegur.com\/eng\/wp-content\/uploads\/2015\/03\/FOTO-63.jpg 900w, https:\/\/www.tornilleriasegur.com\/eng\/wp-content\/uploads\/2015\/03\/FOTO-63-300x200.jpg 300w, https:\/\/www.tornilleriasegur.com\/eng\/wp-content\/uploads\/2015\/03\/FOTO-63-400x267.jpg 400w\" sizes=\"(max-width: 400px) 100vw, 400px\" \/>\n\t\t\t\t\t\t\t\t<span class=\"et_overlay\"><\/span>\n\t\t\t\t\t\t\t<\/span>\n\t\t\t\t\t\t<\/a>\n\t\t\t\t\t\t\n\t\t\t\t\t<\/li><li class=\"et_gallery_item et_pb_gallery_image\">\n\t\t\t\t\t\t<a href=\"https:\/\/www.tornilleriasegur.com\/eng\/wp-content\/uploads\/2015\/03\/FOTO-73.jpg\" title=\"FOTO-7\">\n\t\t\t\t\t\t\t<span class=\"et_portfolio_image\">\n\t\t\t\t\t\t\t\t<img loading=\"lazy\" decoding=\"async\" width=\"400\" height=\"267\" src=\"https:\/\/www.tornilleriasegur.com\/eng\/wp-content\/uploads\/2015\/03\/FOTO-73.jpg\" class=\"attachment-et-pb-portfolio-image size-et-pb-portfolio-image\" alt=\"\" srcset=\"https:\/\/www.tornilleriasegur.com\/eng\/wp-content\/uploads\/2015\/03\/FOTO-73.jpg 900w, https:\/\/www.tornilleriasegur.com\/eng\/wp-content\/uploads\/2015\/03\/FOTO-73-300x200.jpg 300w, https:\/\/www.tornilleriasegur.com\/eng\/wp-content\/uploads\/2015\/03\/FOTO-73-400x267.jpg 400w\" sizes=\"(max-width: 400px) 100vw, 400px\" \/>\n\t\t\t\t\t\t\t\t<span class=\"et_overlay\"><\/span>\n\t\t\t\t\t\t\t<\/span>\n\t\t\t\t\t\t<\/a>\n\t\t\t\t\t\t\n\t\t\t\t\t<\/li><li class=\"et_gallery_item et_pb_gallery_image\">\n\t\t\t\t\t\t<a href=\"https:\/\/www.tornilleriasegur.com\/eng\/wp-content\/uploads\/2015\/03\/FOTO-83.jpg\" title=\"FOTO-8\">\n\t\t\t\t\t\t\t<span class=\"et_portfolio_image\">\n\t\t\t\t\t\t\t\t<img loading=\"lazy\" decoding=\"async\" width=\"400\" height=\"267\" src=\"https:\/\/www.tornilleriasegur.com\/eng\/wp-content\/uploads\/2015\/03\/FOTO-83.jpg\" class=\"attachment-et-pb-portfolio-image size-et-pb-portfolio-image\" alt=\"\" srcset=\"https:\/\/www.tornilleriasegur.com\/eng\/wp-content\/uploads\/2015\/03\/FOTO-83.jpg 900w, https:\/\/www.tornilleriasegur.com\/eng\/wp-content\/uploads\/2015\/03\/FOTO-83-300x200.jpg 300w, https:\/\/www.tornilleriasegur.com\/eng\/wp-content\/uploads\/2015\/03\/FOTO-83-400x267.jpg 400w\" sizes=\"(max-width: 400px) 100vw, 400px\" \/>\n\t\t\t\t\t\t\t\t<span class=\"et_overlay\"><\/span>\n\t\t\t\t\t\t\t<\/span>\n\t\t\t\t\t\t<\/a>\n\t\t\t\t\t\t\n\t\t\t\t\t<\/li><li class=\"et_gallery_item et_pb_gallery_image\">\n\t\t\t\t\t\t<a href=\"https:\/\/www.tornilleriasegur.com\/eng\/wp-content\/uploads\/2015\/03\/FOTO-93.jpg\" title=\"FOTO-9\">\n\t\t\t\t\t\t\t<span class=\"et_portfolio_image\">\n\t\t\t\t\t\t\t\t<img loading=\"lazy\" decoding=\"async\" width=\"400\" height=\"267\" src=\"https:\/\/www.tornilleriasegur.com\/eng\/wp-content\/uploads\/2015\/03\/FOTO-93.jpg\" class=\"attachment-et-pb-portfolio-image size-et-pb-portfolio-image\" alt=\"\" srcset=\"https:\/\/www.tornilleriasegur.com\/eng\/wp-content\/uploads\/2015\/03\/FOTO-93.jpg 900w, https:\/\/www.tornilleriasegur.com\/eng\/wp-content\/uploads\/2015\/03\/FOTO-93-300x200.jpg 300w, https:\/\/www.tornilleriasegur.com\/eng\/wp-content\/uploads\/2015\/03\/FOTO-93-400x267.jpg 400w\" sizes=\"(max-width: 400px) 100vw, 400px\" \/>\n\t\t\t\t\t\t\t\t<span class=\"et_overlay\"><\/span>\n\t\t\t\t\t\t\t<\/span>\n\t\t\t\t\t\t<\/a>\n\t\t\t\t\t\t\n\t\t\t\t\t<\/li><li class=\"et_gallery_item et_pb_gallery_image\">\n\t\t\t\t\t\t<a href=\"https:\/\/www.tornilleriasegur.com\/eng\/wp-content\/uploads\/2015\/03\/FOTO-103.jpg\" title=\"FOTO-10\">\n\t\t\t\t\t\t\t<span class=\"et_portfolio_image\">\n\t\t\t\t\t\t\t\t<img loading=\"lazy\" decoding=\"async\" width=\"400\" height=\"267\" src=\"https:\/\/www.tornilleriasegur.com\/eng\/wp-content\/uploads\/2015\/03\/FOTO-103.jpg\" class=\"attachment-et-pb-portfolio-image size-et-pb-portfolio-image\" alt=\"\" srcset=\"https:\/\/www.tornilleriasegur.com\/eng\/wp-content\/uploads\/2015\/03\/FOTO-103.jpg 900w, https:\/\/www.tornilleriasegur.com\/eng\/wp-content\/uploads\/2015\/03\/FOTO-103-300x200.jpg 300w, https:\/\/www.tornilleriasegur.com\/eng\/wp-content\/uploads\/2015\/03\/FOTO-103-400x267.jpg 400w\" sizes=\"(max-width: 400px) 100vw, 400px\" \/>\n\t\t\t\t\t\t\t\t<span class=\"et_overlay\"><\/span>\n\t\t\t\t\t\t\t<\/span>\n\t\t\t\t\t\t<\/a>\n\t\t\t\t\t\t\n\t\t\t\t\t<\/li><li class=\"et_gallery_item et_pb_gallery_image\">\n\t\t\t\t\t\t<a href=\"https:\/\/www.tornilleriasegur.com\/eng\/wp-content\/uploads\/2015\/03\/FOTO-113.jpg\" title=\"FOTO-11\">\n\t\t\t\t\t\t\t<span class=\"et_portfolio_image\">\n\t\t\t\t\t\t\t\t<img loading=\"lazy\" decoding=\"async\" width=\"400\" height=\"267\" src=\"https:\/\/www.tornilleriasegur.com\/eng\/wp-content\/uploads\/2015\/03\/FOTO-113.jpg\" class=\"attachment-et-pb-portfolio-image size-et-pb-portfolio-image\" alt=\"\" srcset=\"https:\/\/www.tornilleriasegur.com\/eng\/wp-content\/uploads\/2015\/03\/FOTO-113.jpg 900w, https:\/\/www.tornilleriasegur.com\/eng\/wp-content\/uploads\/2015\/03\/FOTO-113-300x200.jpg 300w, https:\/\/www.tornilleriasegur.com\/eng\/wp-content\/uploads\/2015\/03\/FOTO-113-400x267.jpg 400w\" sizes=\"(max-width: 400px) 100vw, 400px\" \/>\n\t\t\t\t\t\t\t\t<span class=\"et_overlay\"><\/span>\n\t\t\t\t\t\t\t<\/span>\n\t\t\t\t\t\t<\/a>\n\t\t\t\t\t\t\n\t\t\t\t\t<\/li><li class=\"et_gallery_item et_pb_gallery_image\">\n\t\t\t\t\t\t<a href=\"https:\/\/www.tornilleriasegur.com\/eng\/wp-content\/uploads\/2015\/03\/FOTO-123.jpg\" title=\"FOTO-12\">\n\t\t\t\t\t\t\t<span class=\"et_portfolio_image\">\n\t\t\t\t\t\t\t\t<img loading=\"lazy\" decoding=\"async\" width=\"400\" height=\"267\" src=\"https:\/\/www.tornilleriasegur.com\/eng\/wp-content\/uploads\/2015\/03\/FOTO-123.jpg\" class=\"attachment-et-pb-portfolio-image size-et-pb-portfolio-image\" alt=\"\" srcset=\"https:\/\/www.tornilleriasegur.com\/eng\/wp-content\/uploads\/2015\/03\/FOTO-123.jpg 900w, https:\/\/www.tornilleriasegur.com\/eng\/wp-content\/uploads\/2015\/03\/FOTO-123-300x200.jpg 300w, https:\/\/www.tornilleriasegur.com\/eng\/wp-content\/uploads\/2015\/03\/FOTO-123-400x267.jpg 400w\" sizes=\"(max-width: 400px) 100vw, 400px\" \/>\n\t\t\t\t\t\t\t\t<span class=\"et_overlay\"><\/span>\n\t\t\t\t\t\t\t<\/span>\n\t\t\t\t\t\t<\/a>\n\t\t\t\t\t\t\n\t\t\t\t\t<\/li><li class=\"et_gallery_item et_pb_gallery_image\">\n\t\t\t\t\t\t<a href=\"https:\/\/www.tornilleriasegur.com\/eng\/wp-content\/uploads\/2015\/03\/FOTO-133.jpg\" title=\"FOTO-13\">\n\t\t\t\t\t\t\t<span class=\"et_portfolio_image\">\n\t\t\t\t\t\t\t\t<img loading=\"lazy\" decoding=\"async\" width=\"400\" height=\"267\" src=\"https:\/\/www.tornilleriasegur.com\/eng\/wp-content\/uploads\/2015\/03\/FOTO-133.jpg\" class=\"attachment-et-pb-portfolio-image size-et-pb-portfolio-image\" alt=\"\" srcset=\"https:\/\/www.tornilleriasegur.com\/eng\/wp-content\/uploads\/2015\/03\/FOTO-133.jpg 900w, https:\/\/www.tornilleriasegur.com\/eng\/wp-content\/uploads\/2015\/03\/FOTO-133-300x200.jpg 300w, https:\/\/www.tornilleriasegur.com\/eng\/wp-content\/uploads\/2015\/03\/FOTO-133-400x267.jpg 400w\" sizes=\"(max-width: 400px) 100vw, 400px\" \/>\n\t\t\t\t\t\t\t\t<span class=\"et_overlay\"><\/span>\n\t\t\t\t\t\t\t<\/span>\n\t\t\t\t\t\t<\/a>\n\t\t\t\t\t\t\n\t\t\t\t\t<\/li>\n\t\t\t\t<\/ul>\n<p>[\/et_pb_text][\/et_pb_column][\/et_pb_row][\/et_pb_section]<\/p>\n","protected":false},"excerpt":{"rendered":"<p>PRODUCTSAt Torniller\u00eda Segur we manufacture\u00a0special screws, parts from drawings or samples, with a diameter from 4 mm to 14 mm and lengths of up to 110 mm in grades 4.8, 5.6, 6.8, 8.8, 10.9 and 12.9 as well as in other materials such as brass, copper, stainless steel\u2026Our extensive experience in the manufacture of special [&hellip;]<\/p>\n","protected":false},"author":1,"featured_media":0,"parent":0,"menu_order":0,"comment_status":"closed","ping_status":"closed","template":"","meta":{"_et_pb_use_builder":"on","_et_pb_old_content":"<h2>Tornilleria especial<\/h2><p><a href=\"https:\/\/www.tornilleriasegur.com\/eng\/wp-content\/uploads\/2015\/03\/file0001101438544.jpg\"><img class=\" alignleft wp-image-262\" src=\"https:\/\/www.tornilleriasegur.com\/eng\/wp-content\/uploads\/2015\/03\/file0001101438544-290x300.jpg\" alt=\"Tornilleria especial\" width=\"62\" height=\"64\" \/><\/a>\u00a0En Torniller\u00eda Segur fabricamos<strong> tornilleria especial<\/strong>, \u00a0piezas bajo plano o muestra, desde di\u00e1metro de 4mm hasta 14mm y longitudes hasta 110mm en calidades 4.8, 5.6, 6.8, 8.8 10.9 y 12.9 as\u00ed como en otros materiales como lat\u00f3n, cobre, acero inoxidable\u2026<\/p><p>Nuestra dilatada experiencia en la fabricaci\u00f3n de tornilleria especial, unida a la maquinaria de fabricaci\u00f3n m\u00e1s avanzada posibilitan que podamos adaptarnos con total flexibilidad a las peticiones de nuestros clientes, y ofrecer soluciones a los m\u00e1s diversos requerimientos.<\/p><p>No duden en consultarnos cualquier necesidad que tengan a trav\u00e9s del <a href=\"https:\/\/www.tornilleriasegur.com\/eng\/contacto\/\">formulario de contacto.<\/a>\u00a0Para empresas de fuera de Espa\u00f1a pueden contactarnos a trav\u00e9s de nuestro consorcio de exportaci\u00f3n <a href=\"http:\/\/www.fastenex.com\">Fastenex<\/a><\/p><p>[gallery columns=\"4\" link=\"file\" size=\"medium\" ids=\"224,225,226,227,228,229,230,231,232,234,235,236,237\"]<\/p>","_et_gb_content_width":"","footnotes":""},"class_list":["post-153","page","type-page","status-publish","hentry"],"yoast_head":"<!-- This site is optimized with the Yoast SEO plugin v27.2 - https:\/\/yoast.com\/product\/yoast-seo-wordpress\/ -->\n<title>Tornilleria especial<\/title>\n<meta name=\"description\" content=\"En Segur nos decicamos a la fabricaci\u00f3n por extrusi\u00f3n y estampaci\u00f3n en fr\u00edo de tornilleria especial y otras piezas especiales bajo plano o muestra.\" \/>\n<meta name=\"robots\" content=\"index, follow, max-snippet:-1, max-image-preview:large, max-video-preview:-1\" \/>\n<link rel=\"canonical\" href=\"https:\/\/www.tornilleriasegur.com\/eng\/tornilleria-especial\/\" \/>\n<meta property=\"og:locale\" content=\"en_US\" \/>\n<meta property=\"og:type\" content=\"article\" \/>\n<meta property=\"og:title\" content=\"Tornilleria especial\" \/>\n<meta property=\"og:description\" content=\"En Segur nos decicamos a la fabricaci\u00f3n por extrusi\u00f3n y estampaci\u00f3n en fr\u00edo de tornilleria especial y otras piezas especiales bajo plano o muestra.\" \/>\n<meta property=\"og:url\" content=\"https:\/\/www.tornilleriasegur.com\/eng\/tornilleria-especial\/\" \/>\n<meta property=\"og:site_name\" content=\"Tornilleria Segur\" \/>\n<meta property=\"article:modified_time\" content=\"2018-11-28T21:10:36+00:00\" \/>\n<meta property=\"og:image\" content=\"https:\/\/www.tornilleriasegur.com\/eng\/wp-content\/uploads\/2015\/03\/file0001101438544-290x300.jpg\" \/>\n<meta name=\"twitter:label1\" content=\"Est. reading time\" \/>\n\t<meta name=\"twitter:data1\" content=\"1 minute\" \/>\n<script type=\"application\/ld+json\" class=\"yoast-schema-graph\">{\"@context\":\"https:\/\/schema.org\",\"@graph\":[{\"@type\":\"WebPage\",\"@id\":\"https:\/\/www.tornilleriasegur.com\/eng\/tornilleria-especial\/\",\"url\":\"https:\/\/www.tornilleriasegur.com\/eng\/tornilleria-especial\/\",\"name\":\"Tornilleria especial\",\"isPartOf\":{\"@id\":\"https:\/\/www.tornilleriasegur.com\/eng\/#website\"},\"primaryImageOfPage\":{\"@id\":\"https:\/\/www.tornilleriasegur.com\/eng\/tornilleria-especial\/#primaryimage\"},\"image\":{\"@id\":\"https:\/\/www.tornilleriasegur.com\/eng\/tornilleria-especial\/#primaryimage\"},\"thumbnailUrl\":\"https:\/\/www.tornilleriasegur.com\/eng\/wp-content\/uploads\/2015\/03\/file0001101438544-290x300.jpg\",\"datePublished\":\"2015-03-08T10:44:27+00:00\",\"dateModified\":\"2018-11-28T21:10:36+00:00\",\"description\":\"En Segur nos decicamos a la fabricaci\u00f3n por extrusi\u00f3n y estampaci\u00f3n en fr\u00edo de tornilleria especial y otras piezas especiales bajo plano o muestra.\",\"breadcrumb\":{\"@id\":\"https:\/\/www.tornilleriasegur.com\/eng\/tornilleria-especial\/#breadcrumb\"},\"inLanguage\":\"en-US\",\"potentialAction\":[{\"@type\":\"ReadAction\",\"target\":[\"https:\/\/www.tornilleriasegur.com\/eng\/tornilleria-especial\/\"]}]},{\"@type\":\"ImageObject\",\"inLanguage\":\"en-US\",\"@id\":\"https:\/\/www.tornilleriasegur.com\/eng\/tornilleria-especial\/#primaryimage\",\"url\":\"https:\/\/www.tornilleriasegur.com\/eng\/wp-content\/uploads\/2015\/03\/file0001101438544-290x300.jpg\",\"contentUrl\":\"https:\/\/www.tornilleriasegur.com\/eng\/wp-content\/uploads\/2015\/03\/file0001101438544-290x300.jpg\"},{\"@type\":\"BreadcrumbList\",\"@id\":\"https:\/\/www.tornilleriasegur.com\/eng\/tornilleria-especial\/#breadcrumb\",\"itemListElement\":[{\"@type\":\"ListItem\",\"position\":1,\"name\":\"Portada\",\"item\":\"https:\/\/www.tornilleriasegur.com\/eng\/\"},{\"@type\":\"ListItem\",\"position\":2,\"name\":\"PRODUCTS\"}]},{\"@type\":\"WebSite\",\"@id\":\"https:\/\/www.tornilleriasegur.com\/eng\/#website\",\"url\":\"https:\/\/www.tornilleriasegur.com\/eng\/\",\"name\":\"Tornilleria Segur\",\"description\":\"MANUFACTURING BY EXTRUSION AND COLD STAMPING OF SCREWS AND SPECIAL PARTS FROM DRAWINGS OR SAMPLES.\",\"potentialAction\":[{\"@type\":\"SearchAction\",\"target\":{\"@type\":\"EntryPoint\",\"urlTemplate\":\"https:\/\/www.tornilleriasegur.com\/eng\/?s={search_term_string}\"},\"query-input\":{\"@type\":\"PropertyValueSpecification\",\"valueRequired\":true,\"valueName\":\"search_term_string\"}}],\"inLanguage\":\"en-US\"}]}<\/script>\n<!-- \/ Yoast SEO plugin. -->","yoast_head_json":{"title":"Tornilleria especial","description":"En Segur nos decicamos a la fabricaci\u00f3n por extrusi\u00f3n y estampaci\u00f3n en fr\u00edo de tornilleria especial y otras piezas especiales bajo plano o muestra.","robots":{"index":"index","follow":"follow","max-snippet":"max-snippet:-1","max-image-preview":"max-image-preview:large","max-video-preview":"max-video-preview:-1"},"canonical":"https:\/\/www.tornilleriasegur.com\/eng\/tornilleria-especial\/","og_locale":"en_US","og_type":"article","og_title":"Tornilleria especial","og_description":"En Segur nos decicamos a la fabricaci\u00f3n por extrusi\u00f3n y estampaci\u00f3n en fr\u00edo de tornilleria especial y otras piezas especiales bajo plano o muestra.","og_url":"https:\/\/www.tornilleriasegur.com\/eng\/tornilleria-especial\/","og_site_name":"Tornilleria Segur","article_modified_time":"2018-11-28T21:10:36+00:00","og_image":[{"url":"https:\/\/www.tornilleriasegur.com\/eng\/wp-content\/uploads\/2015\/03\/file0001101438544-290x300.jpg","type":"","width":"","height":""}],"twitter_misc":{"Est. reading time":"1 minute"},"schema":{"@context":"https:\/\/schema.org","@graph":[{"@type":"WebPage","@id":"https:\/\/www.tornilleriasegur.com\/eng\/tornilleria-especial\/","url":"https:\/\/www.tornilleriasegur.com\/eng\/tornilleria-especial\/","name":"Tornilleria especial","isPartOf":{"@id":"https:\/\/www.tornilleriasegur.com\/eng\/#website"},"primaryImageOfPage":{"@id":"https:\/\/www.tornilleriasegur.com\/eng\/tornilleria-especial\/#primaryimage"},"image":{"@id":"https:\/\/www.tornilleriasegur.com\/eng\/tornilleria-especial\/#primaryimage"},"thumbnailUrl":"https:\/\/www.tornilleriasegur.com\/eng\/wp-content\/uploads\/2015\/03\/file0001101438544-290x300.jpg","datePublished":"2015-03-08T10:44:27+00:00","dateModified":"2018-11-28T21:10:36+00:00","description":"En Segur nos decicamos a la fabricaci\u00f3n por extrusi\u00f3n y estampaci\u00f3n en fr\u00edo de tornilleria especial y otras piezas especiales bajo plano o muestra.","breadcrumb":{"@id":"https:\/\/www.tornilleriasegur.com\/eng\/tornilleria-especial\/#breadcrumb"},"inLanguage":"en-US","potentialAction":[{"@type":"ReadAction","target":["https:\/\/www.tornilleriasegur.com\/eng\/tornilleria-especial\/"]}]},{"@type":"ImageObject","inLanguage":"en-US","@id":"https:\/\/www.tornilleriasegur.com\/eng\/tornilleria-especial\/#primaryimage","url":"https:\/\/www.tornilleriasegur.com\/eng\/wp-content\/uploads\/2015\/03\/file0001101438544-290x300.jpg","contentUrl":"https:\/\/www.tornilleriasegur.com\/eng\/wp-content\/uploads\/2015\/03\/file0001101438544-290x300.jpg"},{"@type":"BreadcrumbList","@id":"https:\/\/www.tornilleriasegur.com\/eng\/tornilleria-especial\/#breadcrumb","itemListElement":[{"@type":"ListItem","position":1,"name":"Portada","item":"https:\/\/www.tornilleriasegur.com\/eng\/"},{"@type":"ListItem","position":2,"name":"PRODUCTS"}]},{"@type":"WebSite","@id":"https:\/\/www.tornilleriasegur.com\/eng\/#website","url":"https:\/\/www.tornilleriasegur.com\/eng\/","name":"Tornilleria Segur","description":"MANUFACTURING BY EXTRUSION AND COLD STAMPING OF SCREWS AND SPECIAL PARTS FROM DRAWINGS OR SAMPLES.","potentialAction":[{"@type":"SearchAction","target":{"@type":"EntryPoint","urlTemplate":"https:\/\/www.tornilleriasegur.com\/eng\/?s={search_term_string}"},"query-input":{"@type":"PropertyValueSpecification","valueRequired":true,"valueName":"search_term_string"}}],"inLanguage":"en-US"}]}},"_links":{"self":[{"href":"https:\/\/www.tornilleriasegur.com\/eng\/wp-json\/wp\/v2\/pages\/153","targetHints":{"allow":["GET"]}}],"collection":[{"href":"https:\/\/www.tornilleriasegur.com\/eng\/wp-json\/wp\/v2\/pages"}],"about":[{"href":"https:\/\/www.tornilleriasegur.com\/eng\/wp-json\/wp\/v2\/types\/page"}],"author":[{"embeddable":true,"href":"https:\/\/www.tornilleriasegur.com\/eng\/wp-json\/wp\/v2\/users\/1"}],"replies":[{"embeddable":true,"href":"https:\/\/www.tornilleriasegur.com\/eng\/wp-json\/wp\/v2\/comments?post=153"}],"version-history":[{"count":25,"href":"https:\/\/www.tornilleriasegur.com\/eng\/wp-json\/wp\/v2\/pages\/153\/revisions"}],"predecessor-version":[{"id":572,"href":"https:\/\/www.tornilleriasegur.com\/eng\/wp-json\/wp\/v2\/pages\/153\/revisions\/572"}],"wp:attachment":[{"href":"https:\/\/www.tornilleriasegur.com\/eng\/wp-json\/wp\/v2\/media?parent=153"}],"curies":[{"name":"wp","href":"https:\/\/api.w.org\/{rel}","templated":true}]}}