{"id":73,"date":"2015-03-06T23:46:37","date_gmt":"2015-03-06T23:46:37","guid":{"rendered":"http:\/\/maquinaria-para-la-madera.com\/segur\/?page_id=73"},"modified":"2018-11-28T09:15:01","modified_gmt":"2018-11-28T09:15:01","slug":"calidad","status":"publish","type":"page","link":"https:\/\/www.tornilleriasegur.com\/de\/calidad\/","title":{"rendered":"QU\u00c4LITAT"},"content":{"rendered":"<p>[et_pb_section bb_built=&#8220;1&#8243;][et_pb_row][et_pb_column type=&#8220;4_4&#8243;][et_pb_text _builder_version=&#8220;3.17.6&#8243;]<\/p>\n<h2><span style=\"color: #008000;\">Q<span style=\"color: #000000;\">U\u00c4LITAT<\/span><\/span><\/h2>\n<p>[\/et_pb_text][et_pb_divider _builder_version=&#8220;3.17.6&#8243; show_divider=&#8220;off&#8220; \/][et_pb_text _builder_version=&#8220;3.17.6&#8243;]<\/p>\n<h1><a href=\"https:\/\/www.tornilleriasegur.com\/de\/wp-content\/uploads\/2016\/04\/logo-web.png\"><img loading=\"lazy\" decoding=\"async\" class=\" wp-image-328 size-medium alignleft\" src=\"https:\/\/www.tornilleriasegur.com\/de\/wp-content\/uploads\/2016\/04\/logo-web-300x217.png\" alt=\"\" width=\"300\" height=\"217\" \/><\/a><\/h1>\n<p>\u00a0<\/p>\n<p>Die Leitung und das Personal von\u00a0<strong>Torniller\u00eda SEGUR, S.A.<\/strong>\u00a0sind der\u00a0<strong>ZUFRIEDENHEIT<\/strong>\u00a0der\u00a0<strong>KUNDEN<\/strong>\u00a0verpflichtet. Hierf\u00fcr steht ein effizientes Qualit\u00e4tssicherungssystem auf der Basis der\u00a0<strong>ISO 9001:2008<\/strong>\u00a0zur Verf\u00fcgung.<\/p>\n<p>Wir verf\u00fcgen \u00fcber eine Sortiermaschine zur 100%-Pr\u00fcfung durch Artificial-Vision-Technologie, was die Qualit\u00e4t unserer Lieferungen gew\u00e4hrleistet.<\/p>\n<p><a href=\"http:\/\/www.tornilleriasegur.com\/calidad1.pdf\" target=\"_blank\" rel=\"noopener\">Zertifizierung Nr. 129487-2013-AQ-IBE-ENAC<\/a><\/p>\n<p>[\/et_pb_text][et_pb_divider _builder_version=&#8220;3.17.6&#8243; show_divider=&#8220;off&#8220; \/][\/et_pb_column][\/et_pb_row][et_pb_row][et_pb_column type=&#8220;1_2&#8243;][et_pb_blurb _builder_version=&#8220;3.17.6&#8243; image=&#8220;https:\/\/www.tornilleriasegur.com\/de\/wp-content\/uploads\/2015\/03\/MG_93301.jpg&#8220; \/][\/et_pb_column][et_pb_column type=&#8220;1_2&#8243;][et_pb_blurb _builder_version=&#8220;3.17.6&#8243; image=&#8220;https:\/\/www.tornilleriasegur.com\/de\/wp-content\/uploads\/2015\/03\/calidad1.jpg&#8220; \/][\/et_pb_column][\/et_pb_row][\/et_pb_section]<\/p>\n","protected":false},"excerpt":{"rendered":"<p><div class=\"et_pb_row et_pb_row_0 et_pb_row_empty\">\n\t\t\t\t\n\t\t\t\t\n\t\t\t\t\n\t\t\t\t\n\t\t\t\t\n\t\t\t<\/div> QU\u00c4LITAT \u00a0Die Leitung und das Personal von\u00a0Torniller\u00eda SEGUR, S.A.\u00a0sind der\u00a0ZUFRIEDENHEIT\u00a0der\u00a0KUNDEN\u00a0verpflichtet. Hierf\u00fcr steht ein effizientes Qualit\u00e4tssicherungssystem auf der Basis der\u00a0ISO 9001:2008\u00a0zur Verf\u00fcgung.Wir verf\u00fcgen \u00fcber eine Sortiermaschine zur 100%-Pr\u00fcfung durch Artificial-Vision-Technologie, was die Qualit\u00e4t unserer Lieferungen gew\u00e4hrleistet.Zertifizierung Nr. 129487-2013-AQ-IBE-ENAC <div class=\"et_pb_row et_pb_row_1 et_pb_row_empty\">\n\t\t\t\t\n\t\t\t\t\n\t\t\t\t\n\t\t\t\t\n\t\t\t\t\n\t\t\t<\/div><\/p>\n","protected":false},"author":1,"featured_media":0,"parent":0,"menu_order":0,"comment_status":"closed","ping_status":"closed","template":"","meta":{"_et_pb_use_builder":"on","_et_pb_old_content":"<h1><a href=\"https:\/\/www.tornilleriasegur.com\/de\/wp-content\/uploads\/2016\/04\/logo-web.png\"><img class=\" wp-image-328 size-medium alignleft\" src=\"https:\/\/www.tornilleriasegur.com\/de\/wp-content\/uploads\/2016\/04\/logo-web-300x217.png\" alt=\"\" width=\"300\" height=\"217\" \/><\/a>Calidad<\/h1><p>La direcci\u00f3n y personal de <strong>Torniller\u00eda SEGUR, S.A.<\/strong>estamos comprometidos en conseguir la <strong>SATISFACCI\u00d3N<\/strong>de nuestros <strong>CLIENTES<\/strong>, para lo cual disponemos de un Sistema de Gesti\u00f3n de la Calidad eficaz basado en la norma<strong>ISO 9001:2008.<\/strong><\/p><p>Disponemos de m\u00e1quina de selecci\u00f3n 100% por visi\u00f3n artificial garantizando la calidad de nuestras entregas.<\/p><p><a href=\"https:\/\/www.tornilleriasegur.com\/de\/calidad.pdf\" target=\"_blank\" rel=\"noopener\">Certificado n\u00ba 129487-2013-AQ-IBE-ENAC<\/a><\/p><p>[gallery link=\"file\" size=\"medium\" ids=\"143,142\"]<\/p>","_et_gb_content_width":"","footnotes":""},"class_list":["post-73","page","type-page","status-publish","hentry"],"yoast_head":"<!-- This site is optimized with the Yoast SEO plugin v27.2 - https:\/\/yoast.com\/product\/yoast-seo-wordpress\/ -->\n<title>tornillos especiales<\/title>\n<meta name=\"description\" content=\"Fabricaci\u00f3n por extrusi\u00f3n y estampaci\u00f3n en fr\u00edo de tornillos y piezas especiales bajo plano o muestra.\" \/>\n<meta name=\"robots\" content=\"index, follow, max-snippet:-1, max-image-preview:large, max-video-preview:-1\" \/>\n<link rel=\"canonical\" href=\"https:\/\/www.tornilleriasegur.com\/de\/calidad\/\" \/>\n<meta property=\"og:locale\" content=\"de_DE\" \/>\n<meta property=\"og:type\" content=\"article\" \/>\n<meta property=\"og:title\" content=\"tornillos especiales\" \/>\n<meta property=\"og:description\" content=\"Fabricaci\u00f3n por extrusi\u00f3n y estampaci\u00f3n en fr\u00edo de tornillos y piezas especiales bajo plano o muestra.\" \/>\n<meta property=\"og:url\" content=\"https:\/\/www.tornilleriasegur.com\/de\/calidad\/\" \/>\n<meta property=\"og:site_name\" content=\"Tornilleria Segur\" \/>\n<meta property=\"article:modified_time\" content=\"2018-11-28T09:15:01+00:00\" \/>\n<meta property=\"og:image\" content=\"https:\/\/www.tornilleriasegur.com\/de\/wp-content\/uploads\/2016\/04\/logo-web-300x217.png\" \/>\n<meta name=\"twitter:label1\" content=\"Gesch\u00e4tzte Lesezeit\" \/>\n\t<meta name=\"twitter:data1\" content=\"1\u00a0Minute\" \/>\n<script type=\"application\/ld+json\" class=\"yoast-schema-graph\">{\"@context\":\"https:\/\/schema.org\",\"@graph\":[{\"@type\":\"WebPage\",\"@id\":\"https:\/\/www.tornilleriasegur.com\/de\/calidad\/\",\"url\":\"https:\/\/www.tornilleriasegur.com\/de\/calidad\/\",\"name\":\"tornillos especiales\",\"isPartOf\":{\"@id\":\"https:\/\/www.tornilleriasegur.com\/de\/#website\"},\"primaryImageOfPage\":{\"@id\":\"https:\/\/www.tornilleriasegur.com\/de\/calidad\/#primaryimage\"},\"image\":{\"@id\":\"https:\/\/www.tornilleriasegur.com\/de\/calidad\/#primaryimage\"},\"thumbnailUrl\":\"https:\/\/www.tornilleriasegur.com\/de\/wp-content\/uploads\/2016\/04\/logo-web-300x217.png\",\"datePublished\":\"2015-03-06T23:46:37+00:00\",\"dateModified\":\"2018-11-28T09:15:01+00:00\",\"description\":\"Fabricaci\u00f3n por extrusi\u00f3n y estampaci\u00f3n en fr\u00edo de tornillos y piezas especiales bajo plano o muestra.\",\"breadcrumb\":{\"@id\":\"https:\/\/www.tornilleriasegur.com\/de\/calidad\/#breadcrumb\"},\"inLanguage\":\"de\",\"potentialAction\":[{\"@type\":\"ReadAction\",\"target\":[\"https:\/\/www.tornilleriasegur.com\/de\/calidad\/\"]}]},{\"@type\":\"ImageObject\",\"inLanguage\":\"de\",\"@id\":\"https:\/\/www.tornilleriasegur.com\/de\/calidad\/#primaryimage\",\"url\":\"https:\/\/www.tornilleriasegur.com\/de\/wp-content\/uploads\/2016\/04\/logo-web-300x217.png\",\"contentUrl\":\"https:\/\/www.tornilleriasegur.com\/de\/wp-content\/uploads\/2016\/04\/logo-web-300x217.png\"},{\"@type\":\"BreadcrumbList\",\"@id\":\"https:\/\/www.tornilleriasegur.com\/de\/calidad\/#breadcrumb\",\"itemListElement\":[{\"@type\":\"ListItem\",\"position\":1,\"name\":\"Portada\",\"item\":\"https:\/\/www.tornilleriasegur.com\/de\/\"},{\"@type\":\"ListItem\",\"position\":2,\"name\":\"QU\u00c4LITAT\"}]},{\"@type\":\"WebSite\",\"@id\":\"https:\/\/www.tornilleriasegur.com\/de\/#website\",\"url\":\"https:\/\/www.tornilleriasegur.com\/de\/\",\"name\":\"Tornilleria Segur\",\"description\":\"HERSTELLUNG VON SCHRAUBEN UND SONDERTEILEN DURCH FLIESSPRESSEN UND KALTFORMUNG NACH ZEICHNUNG ODER MUSTER\",\"potentialAction\":[{\"@type\":\"SearchAction\",\"target\":{\"@type\":\"EntryPoint\",\"urlTemplate\":\"https:\/\/www.tornilleriasegur.com\/de\/?s={search_term_string}\"},\"query-input\":{\"@type\":\"PropertyValueSpecification\",\"valueRequired\":true,\"valueName\":\"search_term_string\"}}],\"inLanguage\":\"de\"}]}<\/script>\n<!-- \/ Yoast SEO plugin. -->","yoast_head_json":{"title":"tornillos especiales","description":"Fabricaci\u00f3n por extrusi\u00f3n y estampaci\u00f3n en fr\u00edo de tornillos y piezas especiales bajo plano o muestra.","robots":{"index":"index","follow":"follow","max-snippet":"max-snippet:-1","max-image-preview":"max-image-preview:large","max-video-preview":"max-video-preview:-1"},"canonical":"https:\/\/www.tornilleriasegur.com\/de\/calidad\/","og_locale":"de_DE","og_type":"article","og_title":"tornillos especiales","og_description":"Fabricaci\u00f3n por extrusi\u00f3n y estampaci\u00f3n en fr\u00edo de tornillos y piezas especiales bajo plano o muestra.","og_url":"https:\/\/www.tornilleriasegur.com\/de\/calidad\/","og_site_name":"Tornilleria Segur","article_modified_time":"2018-11-28T09:15:01+00:00","og_image":[{"url":"https:\/\/www.tornilleriasegur.com\/de\/wp-content\/uploads\/2016\/04\/logo-web-300x217.png","type":"","width":"","height":""}],"twitter_misc":{"Gesch\u00e4tzte Lesezeit":"1\u00a0Minute"},"schema":{"@context":"https:\/\/schema.org","@graph":[{"@type":"WebPage","@id":"https:\/\/www.tornilleriasegur.com\/de\/calidad\/","url":"https:\/\/www.tornilleriasegur.com\/de\/calidad\/","name":"tornillos especiales","isPartOf":{"@id":"https:\/\/www.tornilleriasegur.com\/de\/#website"},"primaryImageOfPage":{"@id":"https:\/\/www.tornilleriasegur.com\/de\/calidad\/#primaryimage"},"image":{"@id":"https:\/\/www.tornilleriasegur.com\/de\/calidad\/#primaryimage"},"thumbnailUrl":"https:\/\/www.tornilleriasegur.com\/de\/wp-content\/uploads\/2016\/04\/logo-web-300x217.png","datePublished":"2015-03-06T23:46:37+00:00","dateModified":"2018-11-28T09:15:01+00:00","description":"Fabricaci\u00f3n por extrusi\u00f3n y estampaci\u00f3n en fr\u00edo de tornillos y piezas especiales bajo plano o muestra.","breadcrumb":{"@id":"https:\/\/www.tornilleriasegur.com\/de\/calidad\/#breadcrumb"},"inLanguage":"de","potentialAction":[{"@type":"ReadAction","target":["https:\/\/www.tornilleriasegur.com\/de\/calidad\/"]}]},{"@type":"ImageObject","inLanguage":"de","@id":"https:\/\/www.tornilleriasegur.com\/de\/calidad\/#primaryimage","url":"https:\/\/www.tornilleriasegur.com\/de\/wp-content\/uploads\/2016\/04\/logo-web-300x217.png","contentUrl":"https:\/\/www.tornilleriasegur.com\/de\/wp-content\/uploads\/2016\/04\/logo-web-300x217.png"},{"@type":"BreadcrumbList","@id":"https:\/\/www.tornilleriasegur.com\/de\/calidad\/#breadcrumb","itemListElement":[{"@type":"ListItem","position":1,"name":"Portada","item":"https:\/\/www.tornilleriasegur.com\/de\/"},{"@type":"ListItem","position":2,"name":"QU\u00c4LITAT"}]},{"@type":"WebSite","@id":"https:\/\/www.tornilleriasegur.com\/de\/#website","url":"https:\/\/www.tornilleriasegur.com\/de\/","name":"Tornilleria Segur","description":"HERSTELLUNG VON SCHRAUBEN UND SONDERTEILEN DURCH FLIESSPRESSEN UND KALTFORMUNG NACH ZEICHNUNG ODER MUSTER","potentialAction":[{"@type":"SearchAction","target":{"@type":"EntryPoint","urlTemplate":"https:\/\/www.tornilleriasegur.com\/de\/?s={search_term_string}"},"query-input":{"@type":"PropertyValueSpecification","valueRequired":true,"valueName":"search_term_string"}}],"inLanguage":"de"}]}},"_links":{"self":[{"href":"https:\/\/www.tornilleriasegur.com\/de\/wp-json\/wp\/v2\/pages\/73","targetHints":{"allow":["GET"]}}],"collection":[{"href":"https:\/\/www.tornilleriasegur.com\/de\/wp-json\/wp\/v2\/pages"}],"about":[{"href":"https:\/\/www.tornilleriasegur.com\/de\/wp-json\/wp\/v2\/types\/page"}],"author":[{"embeddable":true,"href":"https:\/\/www.tornilleriasegur.com\/de\/wp-json\/wp\/v2\/users\/1"}],"replies":[{"embeddable":true,"href":"https:\/\/www.tornilleriasegur.com\/de\/wp-json\/wp\/v2\/comments?post=73"}],"version-history":[{"count":7,"href":"https:\/\/www.tornilleriasegur.com\/de\/wp-json\/wp\/v2\/pages\/73\/revisions"}],"predecessor-version":[{"id":508,"href":"https:\/\/www.tornilleriasegur.com\/de\/wp-json\/wp\/v2\/pages\/73\/revisions\/508"}],"wp:attachment":[{"href":"https:\/\/www.tornilleriasegur.com\/de\/wp-json\/wp\/v2\/media?parent=73"}],"curies":[{"name":"wp","href":"https:\/\/api.w.org\/{rel}","templated":true}]}}