{"id":47,"date":"2015-03-05T23:26:27","date_gmt":"2015-03-05T23:26:27","guid":{"rendered":"http:\/\/maquinaria-para-la-madera.com\/segur\/?page_id=47"},"modified":"2018-11-28T10:06:41","modified_gmt":"2018-11-28T10:06:41","slug":"localizacion","status":"publish","type":"page","link":"https:\/\/www.tornilleriasegur.com\/de\/localizacion\/","title":{"rendered":"LOCALISIERUNG"},"content":{"rendered":"<p>[et_pb_section bb_built=&#8220;1&#8243;][et_pb_row][et_pb_column type=&#8220;4_4&#8243;][et_pb_text _builder_version=&#8220;3.17.6&#8243;]<\/p>\n<h2><span style=\"color: #008000;\">L<\/span>OCALISIERUNG<\/h2>\n<p>[\/et_pb_text][et_pb_divider _builder_version=&#8220;3.17.6&#8243; show_divider=&#8220;off&#8220; \/][et_pb_map _builder_version=&#8220;3.17.6&#8243; address_lat=&#8220;43.124100483537816&#8243; address_lng=&#8220;-2.4233414200988364&#8243; address=&#8220;Amillaga Kalea, 13, 20570 Bergara, Gipuzkoa, Espa\u00f1a&#8220;][et_pb_map_pin _builder_version=&#8220;3.17.6&#8243; zoom_level=&#8220;18&#8243; pin_address_lat=&#8220;43.12417879064386&#8243; pin_address_lng=&#8220;-2.423277047315196&#8243; title=&#8220;TORNILLERIA SEGUR&#8220; pin_address=&#8220;Amillaga Kalea, 16, 20570 Bergara, Gipuzkoa, Espa\u00f1a&#8220; \/][\/et_pb_map][\/et_pb_column][\/et_pb_row][\/et_pb_section]<\/p>\n","protected":false},"excerpt":{"rendered":"<p><div class=\"et_pb_row et_pb_row_0 et_pb_row_empty\">\n\t\t\t\t\n\t\t\t\t\n\t\t\t\t\n\t\t\t\t\n\t\t\t\t\n\t\t\t<\/div> LOCALISIERUNG<\/p>\n","protected":false},"author":1,"featured_media":0,"parent":0,"menu_order":0,"comment_status":"closed","ping_status":"closed","template":"","meta":{"_et_pb_use_builder":"on","_et_pb_old_content":"<p><iframe style=\"border: 0;\" src=\"https:\/\/www.google.com\/maps\/embed?pb=!1m14!1m8!1m3!1d2912.0710795891573!2d-2.423568!3d43.124033!3m2!1i1024!2i768!4f13.1!3m3!1m2!1s0xd502ae3cc72e7b1%3A0xdb1b61dc51e7bfcf!2sTorniller%C3%ADa+SEGUR%2C+S.A.!5e0!3m2!1ses!2ses!4v1425597802242\" width=\"1200\" height=\"450\" frameborder=\"0\"><\/iframe><\/p>","_et_gb_content_width":"","footnotes":""},"class_list":["post-47","page","type-page","status-publish","hentry"],"yoast_head":"<!-- This site is optimized with the Yoast SEO plugin v27.2 - https:\/\/yoast.com\/product\/yoast-seo-wordpress\/ -->\n<title>tornillos especiales<\/title>\n<meta name=\"description\" content=\"Fabricaci\u00f3n por extrusi\u00f3n y estampaci\u00f3n en fr\u00edo de tornillos y piezas especiales bajo plano o muestra.\" \/>\n<meta name=\"robots\" content=\"index, follow, max-snippet:-1, max-image-preview:large, max-video-preview:-1\" \/>\n<link rel=\"canonical\" href=\"https:\/\/www.tornilleriasegur.com\/de\/localizacion\/\" \/>\n<meta property=\"og:locale\" content=\"de_DE\" \/>\n<meta property=\"og:type\" content=\"article\" \/>\n<meta property=\"og:title\" content=\"tornillos especiales\" \/>\n<meta property=\"og:description\" content=\"Fabricaci\u00f3n por extrusi\u00f3n y estampaci\u00f3n en fr\u00edo de tornillos y piezas especiales bajo plano o muestra.\" \/>\n<meta property=\"og:url\" content=\"https:\/\/www.tornilleriasegur.com\/de\/localizacion\/\" \/>\n<meta property=\"og:site_name\" content=\"Tornilleria Segur\" \/>\n<meta property=\"article:modified_time\" content=\"2018-11-28T10:06:41+00:00\" \/>\n<script type=\"application\/ld+json\" class=\"yoast-schema-graph\">{\"@context\":\"https:\/\/schema.org\",\"@graph\":[{\"@type\":\"WebPage\",\"@id\":\"https:\/\/www.tornilleriasegur.com\/de\/localizacion\/\",\"url\":\"https:\/\/www.tornilleriasegur.com\/de\/localizacion\/\",\"name\":\"tornillos especiales\",\"isPartOf\":{\"@id\":\"https:\/\/www.tornilleriasegur.com\/de\/#website\"},\"datePublished\":\"2015-03-05T23:26:27+00:00\",\"dateModified\":\"2018-11-28T10:06:41+00:00\",\"description\":\"Fabricaci\u00f3n por extrusi\u00f3n y estampaci\u00f3n en fr\u00edo de tornillos y piezas especiales bajo plano o muestra.\",\"breadcrumb\":{\"@id\":\"https:\/\/www.tornilleriasegur.com\/de\/localizacion\/#breadcrumb\"},\"inLanguage\":\"de\",\"potentialAction\":[{\"@type\":\"ReadAction\",\"target\":[\"https:\/\/www.tornilleriasegur.com\/de\/localizacion\/\"]}]},{\"@type\":\"BreadcrumbList\",\"@id\":\"https:\/\/www.tornilleriasegur.com\/de\/localizacion\/#breadcrumb\",\"itemListElement\":[{\"@type\":\"ListItem\",\"position\":1,\"name\":\"Portada\",\"item\":\"https:\/\/www.tornilleriasegur.com\/de\/\"},{\"@type\":\"ListItem\",\"position\":2,\"name\":\"LOCALISIERUNG\"}]},{\"@type\":\"WebSite\",\"@id\":\"https:\/\/www.tornilleriasegur.com\/de\/#website\",\"url\":\"https:\/\/www.tornilleriasegur.com\/de\/\",\"name\":\"Tornilleria Segur\",\"description\":\"HERSTELLUNG VON SCHRAUBEN UND SONDERTEILEN DURCH FLIESSPRESSEN UND KALTFORMUNG NACH ZEICHNUNG ODER MUSTER\",\"potentialAction\":[{\"@type\":\"SearchAction\",\"target\":{\"@type\":\"EntryPoint\",\"urlTemplate\":\"https:\/\/www.tornilleriasegur.com\/de\/?s={search_term_string}\"},\"query-input\":{\"@type\":\"PropertyValueSpecification\",\"valueRequired\":true,\"valueName\":\"search_term_string\"}}],\"inLanguage\":\"de\"}]}<\/script>\n<!-- \/ Yoast SEO plugin. -->","yoast_head_json":{"title":"tornillos especiales","description":"Fabricaci\u00f3n por extrusi\u00f3n y estampaci\u00f3n en fr\u00edo de tornillos y piezas especiales bajo plano o muestra.","robots":{"index":"index","follow":"follow","max-snippet":"max-snippet:-1","max-image-preview":"max-image-preview:large","max-video-preview":"max-video-preview:-1"},"canonical":"https:\/\/www.tornilleriasegur.com\/de\/localizacion\/","og_locale":"de_DE","og_type":"article","og_title":"tornillos especiales","og_description":"Fabricaci\u00f3n por extrusi\u00f3n y estampaci\u00f3n en fr\u00edo de tornillos y piezas especiales bajo plano o muestra.","og_url":"https:\/\/www.tornilleriasegur.com\/de\/localizacion\/","og_site_name":"Tornilleria Segur","article_modified_time":"2018-11-28T10:06:41+00:00","schema":{"@context":"https:\/\/schema.org","@graph":[{"@type":"WebPage","@id":"https:\/\/www.tornilleriasegur.com\/de\/localizacion\/","url":"https:\/\/www.tornilleriasegur.com\/de\/localizacion\/","name":"tornillos especiales","isPartOf":{"@id":"https:\/\/www.tornilleriasegur.com\/de\/#website"},"datePublished":"2015-03-05T23:26:27+00:00","dateModified":"2018-11-28T10:06:41+00:00","description":"Fabricaci\u00f3n por extrusi\u00f3n y estampaci\u00f3n en fr\u00edo de tornillos y piezas especiales bajo plano o muestra.","breadcrumb":{"@id":"https:\/\/www.tornilleriasegur.com\/de\/localizacion\/#breadcrumb"},"inLanguage":"de","potentialAction":[{"@type":"ReadAction","target":["https:\/\/www.tornilleriasegur.com\/de\/localizacion\/"]}]},{"@type":"BreadcrumbList","@id":"https:\/\/www.tornilleriasegur.com\/de\/localizacion\/#breadcrumb","itemListElement":[{"@type":"ListItem","position":1,"name":"Portada","item":"https:\/\/www.tornilleriasegur.com\/de\/"},{"@type":"ListItem","position":2,"name":"LOCALISIERUNG"}]},{"@type":"WebSite","@id":"https:\/\/www.tornilleriasegur.com\/de\/#website","url":"https:\/\/www.tornilleriasegur.com\/de\/","name":"Tornilleria Segur","description":"HERSTELLUNG VON SCHRAUBEN UND SONDERTEILEN DURCH FLIESSPRESSEN UND KALTFORMUNG NACH ZEICHNUNG ODER MUSTER","potentialAction":[{"@type":"SearchAction","target":{"@type":"EntryPoint","urlTemplate":"https:\/\/www.tornilleriasegur.com\/de\/?s={search_term_string}"},"query-input":{"@type":"PropertyValueSpecification","valueRequired":true,"valueName":"search_term_string"}}],"inLanguage":"de"}]}},"_links":{"self":[{"href":"https:\/\/www.tornilleriasegur.com\/de\/wp-json\/wp\/v2\/pages\/47","targetHints":{"allow":["GET"]}}],"collection":[{"href":"https:\/\/www.tornilleriasegur.com\/de\/wp-json\/wp\/v2\/pages"}],"about":[{"href":"https:\/\/www.tornilleriasegur.com\/de\/wp-json\/wp\/v2\/types\/page"}],"author":[{"embeddable":true,"href":"https:\/\/www.tornilleriasegur.com\/de\/wp-json\/wp\/v2\/users\/1"}],"replies":[{"embeddable":true,"href":"https:\/\/www.tornilleriasegur.com\/de\/wp-json\/wp\/v2\/comments?post=47"}],"version-history":[{"count":6,"href":"https:\/\/www.tornilleriasegur.com\/de\/wp-json\/wp\/v2\/pages\/47\/revisions"}],"predecessor-version":[{"id":530,"href":"https:\/\/www.tornilleriasegur.com\/de\/wp-json\/wp\/v2\/pages\/47\/revisions\/530"}],"wp:attachment":[{"href":"https:\/\/www.tornilleriasegur.com\/de\/wp-json\/wp\/v2\/media?parent=47"}],"curies":[{"name":"wp","href":"https:\/\/api.w.org\/{rel}","templated":true}]}}