{"id":41,"date":"2015-03-05T23:16:21","date_gmt":"2015-03-05T23:16:21","guid":{"rendered":"http:\/\/maquinaria-para-la-madera.com\/segur\/?page_id=41"},"modified":"2018-11-28T10:05:01","modified_gmt":"2018-11-28T10:05:01","slug":"maquinaria","status":"publish","type":"page","link":"https:\/\/www.tornilleriasegur.com\/de\/maquinaria\/","title":{"rendered":"MASCHINEN"},"content":{"rendered":"<p>[et_pb_section bb_built=&#8220;1&#8243;][et_pb_row][et_pb_column type=&#8220;4_4&#8243;][et_pb_text _builder_version=&#8220;3.17.6&#8243;]<\/p>\n<h1 class=\"entry-title\"><span style=\"color: #008000;\">M<\/span>ASCHINEN<\/h1>\n<p>[\/et_pb_text][et_pb_divider _builder_version=&#8220;3.17.6&#8243; show_divider=&#8220;off&#8220; \/][et_pb_text _builder_version=&#8220;3.17.6&#8243;]<\/p>\n<p><strong>Wir verf\u00fcgen \u00fcber Transferpressen mit bis zu 4 Stufen, was uns die Herstellung einer gro\u00dfen Produktpalette gestattet.<\/strong><\/p>\n<p>Durch diese Flexibilit\u00e4t sind ganz unterschiedliche Produktionen m\u00f6glich. Wir freuen uns auf Ihre Anfragen, egal, welchen Bedarf Sie haben. Dank unserer Erfahrung und unserer modernen Fertigungsanlagen k\u00f6nnen wir Ihnen eine gro\u00dfe Palette an L\u00f6sungen bieten.<\/p>\n<p>[\/et_pb_text][\/et_pb_column][\/et_pb_row][et_pb_row][et_pb_column type=&#8220;1_3&#8243;][et_pb_blurb _builder_version=&#8220;3.17.6&#8243; image=&#8220;https:\/\/www.tornilleriasegur.com\/de\/wp-content\/uploads\/2015\/03\/maquinaria-1.jpg&#8220; \/][\/et_pb_column][et_pb_column type=&#8220;1_3&#8243;][et_pb_blurb _builder_version=&#8220;3.17.6&#8243; image=&#8220;https:\/\/www.tornilleriasegur.com\/de\/wp-content\/uploads\/2015\/03\/maquinaria-3.jpg&#8220; \/][\/et_pb_column][et_pb_column type=&#8220;1_3&#8243;][et_pb_blurb _builder_version=&#8220;3.17.6&#8243; image=&#8220;https:\/\/www.tornilleriasegur.com\/de\/wp-content\/uploads\/2015\/03\/mauinaria-2.jpg&#8220; \/][\/et_pb_column][\/et_pb_row][\/et_pb_section]<\/p>\n","protected":false},"excerpt":{"rendered":"<p><div class=\"et_pb_row et_pb_row_0 et_pb_row_empty\">\n\t\t\t\t\n\t\t\t\t\n\t\t\t\t\n\t\t\t\t\n\t\t\t\t\n\t\t\t<\/div> MASCHINEN Wir verf\u00fcgen \u00fcber Transferpressen mit bis zu 4 Stufen, was uns die Herstellung einer gro\u00dfen Produktpalette gestattet.Durch diese Flexibilit\u00e4t sind ganz unterschiedliche Produktionen m\u00f6glich. Wir freuen uns auf Ihre Anfragen, egal, welchen Bedarf Sie haben. Dank unserer Erfahrung und unserer modernen Fertigungsanlagen k\u00f6nnen wir Ihnen eine gro\u00dfe Palette an L\u00f6sungen bieten. <div class=\"et_pb_row et_pb_row_1 et_pb_row_empty\">\n\t\t\t\t\n\t\t\t\t\n\t\t\t\t\n\t\t\t\t\n\t\t\t\t\n\t\t\t<\/div><\/p>\n","protected":false},"author":1,"featured_media":0,"parent":0,"menu_order":0,"comment_status":"closed","ping_status":"closed","template":"","meta":{"_et_pb_use_builder":"on","_et_pb_old_content":"<p><strong>Disponemos de estampadoras transfer de hasta 4 estaciones lo que nos permite fabricar una amplia gama de productos.<\/strong><\/p><p>Esta flexibilidad nos permite realizar producciones muy variadas. No duden en consultarnos cualquiera que sean sus requerimientos. Nuestra experiencia sumada a la avanzada tecnolog\u00eda de nuestros equipos de producci\u00f3n nos permiten ofrecer un amplio abanico de soluciones.<\/p><p>[gallery link=\"file\" size=\"medium\" ids=\"69,70,71\"]<\/p>","_et_gb_content_width":"","footnotes":""},"class_list":["post-41","page","type-page","status-publish","hentry"],"yoast_head":"<!-- This site is optimized with the Yoast SEO plugin v27.2 - https:\/\/yoast.com\/product\/yoast-seo-wordpress\/ -->\n<title>tornillos especiales<\/title>\n<meta name=\"description\" content=\"Fabricaci\u00f3n por extrusi\u00f3n y estampaci\u00f3n en fr\u00edo de tornillos y piezas especiales bajo plano o muestra.\" \/>\n<meta name=\"robots\" content=\"index, follow, max-snippet:-1, max-image-preview:large, max-video-preview:-1\" \/>\n<link rel=\"canonical\" href=\"https:\/\/www.tornilleriasegur.com\/de\/maquinaria\/\" \/>\n<meta property=\"og:locale\" content=\"de_DE\" \/>\n<meta property=\"og:type\" content=\"article\" \/>\n<meta property=\"og:title\" content=\"tornillos especiales\" \/>\n<meta property=\"og:description\" content=\"Fabricaci\u00f3n por extrusi\u00f3n y estampaci\u00f3n en fr\u00edo de tornillos y piezas especiales bajo plano o muestra.\" \/>\n<meta property=\"og:url\" content=\"https:\/\/www.tornilleriasegur.com\/de\/maquinaria\/\" \/>\n<meta property=\"og:site_name\" content=\"Tornilleria Segur\" \/>\n<meta property=\"article:modified_time\" content=\"2018-11-28T10:05:01+00:00\" \/>\n<meta name=\"twitter:label1\" content=\"Gesch\u00e4tzte Lesezeit\" \/>\n\t<meta name=\"twitter:data1\" content=\"1\u00a0Minute\" \/>\n<script type=\"application\/ld+json\" class=\"yoast-schema-graph\">{\"@context\":\"https:\/\/schema.org\",\"@graph\":[{\"@type\":\"WebPage\",\"@id\":\"https:\/\/www.tornilleriasegur.com\/de\/maquinaria\/\",\"url\":\"https:\/\/www.tornilleriasegur.com\/de\/maquinaria\/\",\"name\":\"tornillos especiales\",\"isPartOf\":{\"@id\":\"https:\/\/www.tornilleriasegur.com\/de\/#website\"},\"datePublished\":\"2015-03-05T23:16:21+00:00\",\"dateModified\":\"2018-11-28T10:05:01+00:00\",\"description\":\"Fabricaci\u00f3n por extrusi\u00f3n y estampaci\u00f3n en fr\u00edo de tornillos y piezas especiales bajo plano o muestra.\",\"breadcrumb\":{\"@id\":\"https:\/\/www.tornilleriasegur.com\/de\/maquinaria\/#breadcrumb\"},\"inLanguage\":\"de\",\"potentialAction\":[{\"@type\":\"ReadAction\",\"target\":[\"https:\/\/www.tornilleriasegur.com\/de\/maquinaria\/\"]}]},{\"@type\":\"BreadcrumbList\",\"@id\":\"https:\/\/www.tornilleriasegur.com\/de\/maquinaria\/#breadcrumb\",\"itemListElement\":[{\"@type\":\"ListItem\",\"position\":1,\"name\":\"Portada\",\"item\":\"https:\/\/www.tornilleriasegur.com\/de\/\"},{\"@type\":\"ListItem\",\"position\":2,\"name\":\"MASCHINEN\"}]},{\"@type\":\"WebSite\",\"@id\":\"https:\/\/www.tornilleriasegur.com\/de\/#website\",\"url\":\"https:\/\/www.tornilleriasegur.com\/de\/\",\"name\":\"Tornilleria Segur\",\"description\":\"HERSTELLUNG VON SCHRAUBEN UND SONDERTEILEN DURCH FLIESSPRESSEN UND KALTFORMUNG NACH ZEICHNUNG ODER MUSTER\",\"potentialAction\":[{\"@type\":\"SearchAction\",\"target\":{\"@type\":\"EntryPoint\",\"urlTemplate\":\"https:\/\/www.tornilleriasegur.com\/de\/?s={search_term_string}\"},\"query-input\":{\"@type\":\"PropertyValueSpecification\",\"valueRequired\":true,\"valueName\":\"search_term_string\"}}],\"inLanguage\":\"de\"}]}<\/script>\n<!-- \/ Yoast SEO plugin. -->","yoast_head_json":{"title":"tornillos especiales","description":"Fabricaci\u00f3n por extrusi\u00f3n y estampaci\u00f3n en fr\u00edo de tornillos y piezas especiales bajo plano o muestra.","robots":{"index":"index","follow":"follow","max-snippet":"max-snippet:-1","max-image-preview":"max-image-preview:large","max-video-preview":"max-video-preview:-1"},"canonical":"https:\/\/www.tornilleriasegur.com\/de\/maquinaria\/","og_locale":"de_DE","og_type":"article","og_title":"tornillos especiales","og_description":"Fabricaci\u00f3n por extrusi\u00f3n y estampaci\u00f3n en fr\u00edo de tornillos y piezas especiales bajo plano o muestra.","og_url":"https:\/\/www.tornilleriasegur.com\/de\/maquinaria\/","og_site_name":"Tornilleria Segur","article_modified_time":"2018-11-28T10:05:01+00:00","twitter_misc":{"Gesch\u00e4tzte Lesezeit":"1\u00a0Minute"},"schema":{"@context":"https:\/\/schema.org","@graph":[{"@type":"WebPage","@id":"https:\/\/www.tornilleriasegur.com\/de\/maquinaria\/","url":"https:\/\/www.tornilleriasegur.com\/de\/maquinaria\/","name":"tornillos especiales","isPartOf":{"@id":"https:\/\/www.tornilleriasegur.com\/de\/#website"},"datePublished":"2015-03-05T23:16:21+00:00","dateModified":"2018-11-28T10:05:01+00:00","description":"Fabricaci\u00f3n por extrusi\u00f3n y estampaci\u00f3n en fr\u00edo de tornillos y piezas especiales bajo plano o muestra.","breadcrumb":{"@id":"https:\/\/www.tornilleriasegur.com\/de\/maquinaria\/#breadcrumb"},"inLanguage":"de","potentialAction":[{"@type":"ReadAction","target":["https:\/\/www.tornilleriasegur.com\/de\/maquinaria\/"]}]},{"@type":"BreadcrumbList","@id":"https:\/\/www.tornilleriasegur.com\/de\/maquinaria\/#breadcrumb","itemListElement":[{"@type":"ListItem","position":1,"name":"Portada","item":"https:\/\/www.tornilleriasegur.com\/de\/"},{"@type":"ListItem","position":2,"name":"MASCHINEN"}]},{"@type":"WebSite","@id":"https:\/\/www.tornilleriasegur.com\/de\/#website","url":"https:\/\/www.tornilleriasegur.com\/de\/","name":"Tornilleria Segur","description":"HERSTELLUNG VON SCHRAUBEN UND SONDERTEILEN DURCH FLIESSPRESSEN UND KALTFORMUNG NACH ZEICHNUNG ODER MUSTER","potentialAction":[{"@type":"SearchAction","target":{"@type":"EntryPoint","urlTemplate":"https:\/\/www.tornilleriasegur.com\/de\/?s={search_term_string}"},"query-input":{"@type":"PropertyValueSpecification","valueRequired":true,"valueName":"search_term_string"}}],"inLanguage":"de"}]}},"_links":{"self":[{"href":"https:\/\/www.tornilleriasegur.com\/de\/wp-json\/wp\/v2\/pages\/41","targetHints":{"allow":["GET"]}}],"collection":[{"href":"https:\/\/www.tornilleriasegur.com\/de\/wp-json\/wp\/v2\/pages"}],"about":[{"href":"https:\/\/www.tornilleriasegur.com\/de\/wp-json\/wp\/v2\/types\/page"}],"author":[{"embeddable":true,"href":"https:\/\/www.tornilleriasegur.com\/de\/wp-json\/wp\/v2\/users\/1"}],"replies":[{"embeddable":true,"href":"https:\/\/www.tornilleriasegur.com\/de\/wp-json\/wp\/v2\/comments?post=41"}],"version-history":[{"count":4,"href":"https:\/\/www.tornilleriasegur.com\/de\/wp-json\/wp\/v2\/pages\/41\/revisions"}],"predecessor-version":[{"id":529,"href":"https:\/\/www.tornilleriasegur.com\/de\/wp-json\/wp\/v2\/pages\/41\/revisions\/529"}],"wp:attachment":[{"href":"https:\/\/www.tornilleriasegur.com\/de\/wp-json\/wp\/v2\/media?parent=41"}],"curies":[{"name":"wp","href":"https:\/\/api.w.org\/{rel}","templated":true}]}}