{"id":302,"date":"2015-11-17T09:56:10","date_gmt":"2015-11-17T09:56:10","guid":{"rendered":"https:\/\/www.tornilleriasegur.com\/de\/?page_id=302"},"modified":"2018-11-28T10:00:16","modified_gmt":"2018-11-28T10:00:16","slug":"piezas-en-inoxidable-laton-cobre","status":"publish","type":"page","link":"https:\/\/www.tornilleriasegur.com\/de\/tornilleria-especial\/piezas-en-inoxidable-laton-cobre\/","title":{"rendered":"TEILE AUS EDELSTAHL, MESSING, KUPFER"},"content":{"rendered":"<p>[et_pb_section bb_built=&#8220;1&#8243;][et_pb_row][et_pb_column type=&#8220;4_4&#8243;][et_pb_text _builder_version=&#8220;3.17.6&#8243;]<\/p>\n<h1 class=\"entry-title\"><span style=\"color: #008000;\">TEILE<\/span> AUS EDELSTAHL, MESSING, KUPFER<\/h1>\n<p>[\/et_pb_text][\/et_pb_column][\/et_pb_row][et_pb_row][et_pb_column type=&#8220;1_3&#8243;][et_pb_sidebar _builder_version=&#8220;3.17.6&#8243; area=&#8220;sidebar-1&#8243; \/][\/et_pb_column][et_pb_column type=&#8220;2_3&#8243;][et_pb_text _builder_version=&#8220;3.17.6&#8243;]<\/p>\n<div id=\"attachment_236\" style=\"width: 310px\" class=\"wp-caption alignleft\"><a href=\"https:\/\/www.tornilleriasegur.com\/de\/wp-content\/uploads\/2015\/03\/FOTO-123.jpg\"><img loading=\"lazy\" decoding=\"async\" aria-describedby=\"caption-attachment-236\" class=\"wp-image-236 size-medium\" src=\"https:\/\/www.tornilleriasegur.com\/de\/wp-content\/uploads\/2015\/03\/FOTO-123-300x200.jpg\" alt=\"\" width=\"300\" height=\"200\" srcset=\"https:\/\/www.tornilleriasegur.com\/de\/wp-content\/uploads\/2015\/03\/FOTO-123-300x200.jpg 300w, https:\/\/www.tornilleriasegur.com\/de\/wp-content\/uploads\/2015\/03\/FOTO-123.jpg 900w, https:\/\/www.tornilleriasegur.com\/de\/wp-content\/uploads\/2015\/03\/FOTO-123-400x267.jpg 400w\" sizes=\"(max-width: 300px) 100vw, 300px\" \/><\/a><p id=\"caption-attachment-236\" class=\"wp-caption-text\">TEILE AUS EDELSTAHL, MESSING, KUPFER<\/p><\/div>\n<div class=\"entry-content\">\n<p>Wir fertigen Teile aus Edelstahl, Messing, Kupfer usw.<\/p>\n<\/div>\n<p>[\/et_pb_text][\/et_pb_column][\/et_pb_row][\/et_pb_section]<\/p>\n","protected":false},"excerpt":{"rendered":"<p><div class=\"et_pb_row et_pb_row_0 et_pb_row_empty\">\n\t\t\t\t\n\t\t\t\t\n\t\t\t\t\n\t\t\t\t\n\t\t\t\t\n\t\t\t<\/div> TEILE AUS EDELSTAHL, MESSING, KUPFER <div class=\"et_pb_row et_pb_row_1 et_pb_row_empty\">\n\t\t\t\t\n\t\t\t\t\n\t\t\t\t\n\t\t\t\t\n\t\t\t\t\n\t\t\t<\/div> Wir fertigen Teile aus Edelstahl, Messing, Kupfer usw.<\/p>\n","protected":false},"author":1,"featured_media":0,"parent":153,"menu_order":0,"comment_status":"closed","ping_status":"closed","template":"","meta":{"_et_pb_use_builder":"on","_et_pb_old_content":"[caption id=\"attachment_236\" align=\"alignleft\" width=\"300\"]<a href=\"https:\/\/www.tornilleriasegur.com\/de\/wp-content\/uploads\/2015\/03\/FOTO-123.jpg\"><img class=\"wp-image-236 size-medium\" src=\"https:\/\/www.tornilleriasegur.com\/de\/wp-content\/uploads\/2015\/03\/FOTO-123-300x200.jpg\" alt=\"\" width=\"300\" height=\"200\" \/><\/a> PIEZAS EN INOXIDABLE, LATON, COBRE[\/caption]<p>PIEZAS EN INOXIDABLE, LATON, COBRE: Fabricamos piezas en acero inoxidable, lat\u00f3n, cobre\u2026<\/p>","_et_gb_content_width":"","footnotes":""},"class_list":["post-302","page","type-page","status-publish","hentry"],"yoast_head":"<!-- This site is optimized with the Yoast SEO plugin v27.2 - https:\/\/yoast.com\/product\/yoast-seo-wordpress\/ -->\n<title>tornillos especiales<\/title>\n<meta name=\"description\" content=\"Fabricaci\u00f3n por extrusi\u00f3n y estampaci\u00f3n en fr\u00edo de tornillos y piezas especiales bajo plano o muestra.\" \/>\n<meta name=\"robots\" content=\"index, follow, max-snippet:-1, max-image-preview:large, max-video-preview:-1\" \/>\n<link rel=\"canonical\" href=\"https:\/\/www.tornilleriasegur.com\/de\/tornilleria-especial\/piezas-en-inoxidable-laton-cobre\/\" \/>\n<meta property=\"og:locale\" content=\"de_DE\" \/>\n<meta property=\"og:type\" content=\"article\" \/>\n<meta property=\"og:title\" content=\"tornillos especiales\" \/>\n<meta property=\"og:description\" content=\"Fabricaci\u00f3n por extrusi\u00f3n y estampaci\u00f3n en fr\u00edo de tornillos y piezas especiales bajo plano o muestra.\" \/>\n<meta property=\"og:url\" content=\"https:\/\/www.tornilleriasegur.com\/de\/tornilleria-especial\/piezas-en-inoxidable-laton-cobre\/\" \/>\n<meta property=\"og:site_name\" content=\"Tornilleria Segur\" \/>\n<meta property=\"article:modified_time\" content=\"2018-11-28T10:00:16+00:00\" \/>\n<meta property=\"og:image\" content=\"https:\/\/www.tornilleriasegur.com\/de\/wp-content\/uploads\/2015\/03\/FOTO-123-300x200.jpg\" \/>\n<script type=\"application\/ld+json\" class=\"yoast-schema-graph\">{\"@context\":\"https:\/\/schema.org\",\"@graph\":[{\"@type\":\"WebPage\",\"@id\":\"https:\/\/www.tornilleriasegur.com\/de\/tornilleria-especial\/piezas-en-inoxidable-laton-cobre\/\",\"url\":\"https:\/\/www.tornilleriasegur.com\/de\/tornilleria-especial\/piezas-en-inoxidable-laton-cobre\/\",\"name\":\"tornillos especiales\",\"isPartOf\":{\"@id\":\"https:\/\/www.tornilleriasegur.com\/de\/#website\"},\"primaryImageOfPage\":{\"@id\":\"https:\/\/www.tornilleriasegur.com\/de\/tornilleria-especial\/piezas-en-inoxidable-laton-cobre\/#primaryimage\"},\"image\":{\"@id\":\"https:\/\/www.tornilleriasegur.com\/de\/tornilleria-especial\/piezas-en-inoxidable-laton-cobre\/#primaryimage\"},\"thumbnailUrl\":\"https:\/\/www.tornilleriasegur.com\/de\/wp-content\/uploads\/2015\/03\/FOTO-123-300x200.jpg\",\"datePublished\":\"2015-11-17T09:56:10+00:00\",\"dateModified\":\"2018-11-28T10:00:16+00:00\",\"description\":\"Fabricaci\u00f3n por extrusi\u00f3n y estampaci\u00f3n en fr\u00edo de tornillos y piezas especiales bajo plano o muestra.\",\"breadcrumb\":{\"@id\":\"https:\/\/www.tornilleriasegur.com\/de\/tornilleria-especial\/piezas-en-inoxidable-laton-cobre\/#breadcrumb\"},\"inLanguage\":\"de\",\"potentialAction\":[{\"@type\":\"ReadAction\",\"target\":[\"https:\/\/www.tornilleriasegur.com\/de\/tornilleria-especial\/piezas-en-inoxidable-laton-cobre\/\"]}]},{\"@type\":\"ImageObject\",\"inLanguage\":\"de\",\"@id\":\"https:\/\/www.tornilleriasegur.com\/de\/tornilleria-especial\/piezas-en-inoxidable-laton-cobre\/#primaryimage\",\"url\":\"https:\/\/www.tornilleriasegur.com\/de\/wp-content\/uploads\/2015\/03\/FOTO-123-300x200.jpg\",\"contentUrl\":\"https:\/\/www.tornilleriasegur.com\/de\/wp-content\/uploads\/2015\/03\/FOTO-123-300x200.jpg\"},{\"@type\":\"BreadcrumbList\",\"@id\":\"https:\/\/www.tornilleriasegur.com\/de\/tornilleria-especial\/piezas-en-inoxidable-laton-cobre\/#breadcrumb\",\"itemListElement\":[{\"@type\":\"ListItem\",\"position\":1,\"name\":\"Portada\",\"item\":\"https:\/\/www.tornilleriasegur.com\/de\/\"},{\"@type\":\"ListItem\",\"position\":2,\"name\":\"SONDERSCHRAUBEN\",\"item\":\"https:\/\/www.tornilleriasegur.com\/de\/tornilleria-especial\/\"},{\"@type\":\"ListItem\",\"position\":3,\"name\":\"TEILE AUS EDELSTAHL, MESSING, KUPFER\"}]},{\"@type\":\"WebSite\",\"@id\":\"https:\/\/www.tornilleriasegur.com\/de\/#website\",\"url\":\"https:\/\/www.tornilleriasegur.com\/de\/\",\"name\":\"Tornilleria Segur\",\"description\":\"HERSTELLUNG VON SCHRAUBEN UND SONDERTEILEN DURCH FLIESSPRESSEN UND KALTFORMUNG NACH ZEICHNUNG ODER MUSTER\",\"potentialAction\":[{\"@type\":\"SearchAction\",\"target\":{\"@type\":\"EntryPoint\",\"urlTemplate\":\"https:\/\/www.tornilleriasegur.com\/de\/?s={search_term_string}\"},\"query-input\":{\"@type\":\"PropertyValueSpecification\",\"valueRequired\":true,\"valueName\":\"search_term_string\"}}],\"inLanguage\":\"de\"}]}<\/script>\n<!-- \/ Yoast SEO plugin. -->","yoast_head_json":{"title":"tornillos especiales","description":"Fabricaci\u00f3n por extrusi\u00f3n y estampaci\u00f3n en fr\u00edo de tornillos y piezas especiales bajo plano o muestra.","robots":{"index":"index","follow":"follow","max-snippet":"max-snippet:-1","max-image-preview":"max-image-preview:large","max-video-preview":"max-video-preview:-1"},"canonical":"https:\/\/www.tornilleriasegur.com\/de\/tornilleria-especial\/piezas-en-inoxidable-laton-cobre\/","og_locale":"de_DE","og_type":"article","og_title":"tornillos especiales","og_description":"Fabricaci\u00f3n por extrusi\u00f3n y estampaci\u00f3n en fr\u00edo de tornillos y piezas especiales bajo plano o muestra.","og_url":"https:\/\/www.tornilleriasegur.com\/de\/tornilleria-especial\/piezas-en-inoxidable-laton-cobre\/","og_site_name":"Tornilleria Segur","article_modified_time":"2018-11-28T10:00:16+00:00","og_image":[{"url":"https:\/\/www.tornilleriasegur.com\/de\/wp-content\/uploads\/2015\/03\/FOTO-123-300x200.jpg","type":"","width":"","height":""}],"schema":{"@context":"https:\/\/schema.org","@graph":[{"@type":"WebPage","@id":"https:\/\/www.tornilleriasegur.com\/de\/tornilleria-especial\/piezas-en-inoxidable-laton-cobre\/","url":"https:\/\/www.tornilleriasegur.com\/de\/tornilleria-especial\/piezas-en-inoxidable-laton-cobre\/","name":"tornillos especiales","isPartOf":{"@id":"https:\/\/www.tornilleriasegur.com\/de\/#website"},"primaryImageOfPage":{"@id":"https:\/\/www.tornilleriasegur.com\/de\/tornilleria-especial\/piezas-en-inoxidable-laton-cobre\/#primaryimage"},"image":{"@id":"https:\/\/www.tornilleriasegur.com\/de\/tornilleria-especial\/piezas-en-inoxidable-laton-cobre\/#primaryimage"},"thumbnailUrl":"https:\/\/www.tornilleriasegur.com\/de\/wp-content\/uploads\/2015\/03\/FOTO-123-300x200.jpg","datePublished":"2015-11-17T09:56:10+00:00","dateModified":"2018-11-28T10:00:16+00:00","description":"Fabricaci\u00f3n por extrusi\u00f3n y estampaci\u00f3n en fr\u00edo de tornillos y piezas especiales bajo plano o muestra.","breadcrumb":{"@id":"https:\/\/www.tornilleriasegur.com\/de\/tornilleria-especial\/piezas-en-inoxidable-laton-cobre\/#breadcrumb"},"inLanguage":"de","potentialAction":[{"@type":"ReadAction","target":["https:\/\/www.tornilleriasegur.com\/de\/tornilleria-especial\/piezas-en-inoxidable-laton-cobre\/"]}]},{"@type":"ImageObject","inLanguage":"de","@id":"https:\/\/www.tornilleriasegur.com\/de\/tornilleria-especial\/piezas-en-inoxidable-laton-cobre\/#primaryimage","url":"https:\/\/www.tornilleriasegur.com\/de\/wp-content\/uploads\/2015\/03\/FOTO-123-300x200.jpg","contentUrl":"https:\/\/www.tornilleriasegur.com\/de\/wp-content\/uploads\/2015\/03\/FOTO-123-300x200.jpg"},{"@type":"BreadcrumbList","@id":"https:\/\/www.tornilleriasegur.com\/de\/tornilleria-especial\/piezas-en-inoxidable-laton-cobre\/#breadcrumb","itemListElement":[{"@type":"ListItem","position":1,"name":"Portada","item":"https:\/\/www.tornilleriasegur.com\/de\/"},{"@type":"ListItem","position":2,"name":"SONDERSCHRAUBEN","item":"https:\/\/www.tornilleriasegur.com\/de\/tornilleria-especial\/"},{"@type":"ListItem","position":3,"name":"TEILE AUS EDELSTAHL, MESSING, KUPFER"}]},{"@type":"WebSite","@id":"https:\/\/www.tornilleriasegur.com\/de\/#website","url":"https:\/\/www.tornilleriasegur.com\/de\/","name":"Tornilleria Segur","description":"HERSTELLUNG VON SCHRAUBEN UND SONDERTEILEN DURCH FLIESSPRESSEN UND KALTFORMUNG NACH ZEICHNUNG ODER MUSTER","potentialAction":[{"@type":"SearchAction","target":{"@type":"EntryPoint","urlTemplate":"https:\/\/www.tornilleriasegur.com\/de\/?s={search_term_string}"},"query-input":{"@type":"PropertyValueSpecification","valueRequired":true,"valueName":"search_term_string"}}],"inLanguage":"de"}]}},"_links":{"self":[{"href":"https:\/\/www.tornilleriasegur.com\/de\/wp-json\/wp\/v2\/pages\/302","targetHints":{"allow":["GET"]}}],"collection":[{"href":"https:\/\/www.tornilleriasegur.com\/de\/wp-json\/wp\/v2\/pages"}],"about":[{"href":"https:\/\/www.tornilleriasegur.com\/de\/wp-json\/wp\/v2\/types\/page"}],"author":[{"embeddable":true,"href":"https:\/\/www.tornilleriasegur.com\/de\/wp-json\/wp\/v2\/users\/1"}],"replies":[{"embeddable":true,"href":"https:\/\/www.tornilleriasegur.com\/de\/wp-json\/wp\/v2\/comments?post=302"}],"version-history":[{"count":5,"href":"https:\/\/www.tornilleriasegur.com\/de\/wp-json\/wp\/v2\/pages\/302\/revisions"}],"predecessor-version":[{"id":525,"href":"https:\/\/www.tornilleriasegur.com\/de\/wp-json\/wp\/v2\/pages\/302\/revisions\/525"}],"up":[{"embeddable":true,"href":"https:\/\/www.tornilleriasegur.com\/de\/wp-json\/wp\/v2\/pages\/153"}],"wp:attachment":[{"href":"https:\/\/www.tornilleriasegur.com\/de\/wp-json\/wp\/v2\/media?parent=302"}],"curies":[{"name":"wp","href":"https:\/\/api.w.org\/{rel}","templated":true}]}}