{"id":286,"date":"2015-11-17T09:47:21","date_gmt":"2015-11-17T09:47:21","guid":{"rendered":"https:\/\/www.tornilleriasegur.com\/de\/?page_id=286"},"modified":"2018-11-28T15:56:45","modified_gmt":"2018-11-28T15:56:45","slug":"tornillos-con-cabezas-cuadradas-rectangulares","status":"publish","type":"page","link":"https:\/\/www.tornilleriasegur.com\/de\/tornilleria-especial\/tornillos-con-cabezas-cuadradas-rectangulares\/","title":{"rendered":"SCHRAUBEN MIT VIERKANTK\u00d6PFEN, RECHTECKK\u00d6PFEN usw"},"content":{"rendered":"<p>[et_pb_section admin_label=&#8220;section&#8220; bb_built=&#8220;1&#8243;][et_pb_row admin_label=&#8220;row&#8220;][et_pb_column type=&#8220;4_4&#8243;][et_pb_text admin_label=&#8220;Text&#8220; _builder_version=&#8220;3.17.6&#8243; background_layout=&#8220;light&#8220; text_orientation=&#8220;left&#8220; use_border_color=&#8220;off&#8220; border_color=&#8220;#ffffff&#8220; border_style=&#8220;solid&#8220;]<\/p>\n<h1 class=\"entry-title\"><span style=\"color: #008000;\">SCHRAUBEN<\/span> MIT VIERKANTK\u00d6PFEN, RECHTECKK\u00d6PFEN usw<\/h1>\n<p>[\/et_pb_text][\/et_pb_column][\/et_pb_row][et_pb_row admin_label=&#8220;row&#8220;][et_pb_column type=&#8220;1_3&#8243;][et_pb_sidebar admin_label=&#8220;Seitenleiste&#8220; _builder_version=&#8220;3.17.6&#8243; area=&#8220;sidebar-1&#8243;] [\/et_pb_sidebar][\/et_pb_column][et_pb_column type=&#8220;2_3&#8243;][et_pb_text admin_label=&#8220;Text&#8220; _builder_version=&#8220;3.17.6&#8243;]<\/p>\n<p><a href=\"https:\/\/www.tornilleriasegur.com\/de\/wp-content\/uploads\/2015\/03\/FOTO-32.jpg\"><img loading=\"lazy\" decoding=\"async\" class=\"size-medium wp-image-226\" src=\"https:\/\/www.tornilleriasegur.com\/de\/wp-content\/uploads\/2015\/03\/FOTO-32-300x200.jpg\" alt=\"TORNILLOS CON CABEZAS CUADRADAS. RECTANGULARES\u2026\" width=\"300\" height=\"200\" srcset=\"https:\/\/www.tornilleriasegur.com\/de\/wp-content\/uploads\/2015\/03\/FOTO-32-300x200.jpg 300w, https:\/\/www.tornilleriasegur.com\/de\/wp-content\/uploads\/2015\/03\/FOTO-32.jpg 900w, https:\/\/www.tornilleriasegur.com\/de\/wp-content\/uploads\/2015\/03\/FOTO-32-400x267.jpg 400w\" sizes=\"(max-width: 300px) 100vw, 300px\" \/><\/a><\/p>\n<h3 class=\"entry-title\">SCHRAUBEN MIT VIERKANTK\u00d6PFEN, RECHTECKK\u00d6PFEN usw<\/h3>\n<p>&nbsp;<\/p>\n<div class=\"entry-content\">\n<p>Nach Zeichnung hergestellte Teile mit verschiedenen Kopfgeometrien.<\/p>\n<\/div>\n<p>[\/et_pb_text][\/et_pb_column][\/et_pb_row][\/et_pb_section]<\/p>\n","protected":false},"excerpt":{"rendered":"<p>SCHRAUBEN MIT VIERKANTK\u00d6PFEN, RECHTECKK\u00d6PFEN usw SCHRAUBEN MIT VIERKANTK\u00d6PFEN, RECHTECKK\u00d6PFEN usw &nbsp; Nach Zeichnung hergestellte Teile mit verschiedenen Kopfgeometrien.<\/p>\n","protected":false},"author":1,"featured_media":0,"parent":153,"menu_order":0,"comment_status":"closed","ping_status":"closed","template":"","meta":{"_et_pb_use_builder":"on","_et_pb_old_content":"[caption id=\"attachment_226\" align=\"alignleft\" width=\"300\"]<a href=\"https:\/\/www.tornilleriasegur.com\/de\/wp-content\/uploads\/2015\/03\/FOTO-32.jpg\"><img class=\"size-medium wp-image-226\" src=\"https:\/\/www.tornilleriasegur.com\/de\/wp-content\/uploads\/2015\/03\/FOTO-32-300x200.jpg\" alt=\"TORNILLOS CON CABEZAS CUADRADAS. RECTANGULARES\u2026\" width=\"300\" height=\"200\" \/><\/a> TORNILLOS CON CABEZAS CUADRADAS. RECTANGULARES\u2026[\/caption]<p>TORNILLOS CON CABEZAS CUADRADAS. RECTANGULARES\u2026: Piezas fabricadas bajo plano con diferentes geometr\u00edas de cabeza.<\/p>","_et_gb_content_width":"","footnotes":""},"class_list":["post-286","page","type-page","status-publish","hentry"],"yoast_head":"<!-- This site is optimized with the Yoast SEO plugin v27.2 - https:\/\/yoast.com\/product\/yoast-seo-wordpress\/ -->\n<title>tornillos especiales<\/title>\n<meta name=\"description\" content=\"Fabricaci\u00f3n por extrusi\u00f3n y estampaci\u00f3n en fr\u00edo de tornillos y piezas especiales bajo plano o muestra.\" \/>\n<meta name=\"robots\" content=\"index, follow, max-snippet:-1, max-image-preview:large, max-video-preview:-1\" \/>\n<link rel=\"canonical\" href=\"https:\/\/www.tornilleriasegur.com\/de\/tornilleria-especial\/tornillos-con-cabezas-cuadradas-rectangulares\/\" \/>\n<meta property=\"og:locale\" content=\"de_DE\" \/>\n<meta property=\"og:type\" content=\"article\" \/>\n<meta property=\"og:title\" content=\"tornillos especiales\" \/>\n<meta property=\"og:description\" content=\"Fabricaci\u00f3n por extrusi\u00f3n y estampaci\u00f3n en fr\u00edo de tornillos y piezas especiales bajo plano o muestra.\" \/>\n<meta property=\"og:url\" content=\"https:\/\/www.tornilleriasegur.com\/de\/tornilleria-especial\/tornillos-con-cabezas-cuadradas-rectangulares\/\" \/>\n<meta property=\"og:site_name\" content=\"Tornilleria Segur\" \/>\n<meta property=\"article:modified_time\" content=\"2018-11-28T15:56:45+00:00\" \/>\n<meta property=\"og:image\" content=\"https:\/\/www.tornilleriasegur.com\/de\/wp-content\/uploads\/2015\/03\/FOTO-32-300x200.jpg\" \/>\n<meta name=\"twitter:label1\" content=\"Gesch\u00e4tzte Lesezeit\" \/>\n\t<meta name=\"twitter:data1\" content=\"1\u00a0Minute\" \/>\n<script type=\"application\/ld+json\" class=\"yoast-schema-graph\">{\"@context\":\"https:\/\/schema.org\",\"@graph\":[{\"@type\":\"WebPage\",\"@id\":\"https:\/\/www.tornilleriasegur.com\/de\/tornilleria-especial\/tornillos-con-cabezas-cuadradas-rectangulares\/\",\"url\":\"https:\/\/www.tornilleriasegur.com\/de\/tornilleria-especial\/tornillos-con-cabezas-cuadradas-rectangulares\/\",\"name\":\"tornillos especiales\",\"isPartOf\":{\"@id\":\"https:\/\/www.tornilleriasegur.com\/de\/#website\"},\"primaryImageOfPage\":{\"@id\":\"https:\/\/www.tornilleriasegur.com\/de\/tornilleria-especial\/tornillos-con-cabezas-cuadradas-rectangulares\/#primaryimage\"},\"image\":{\"@id\":\"https:\/\/www.tornilleriasegur.com\/de\/tornilleria-especial\/tornillos-con-cabezas-cuadradas-rectangulares\/#primaryimage\"},\"thumbnailUrl\":\"https:\/\/www.tornilleriasegur.com\/de\/wp-content\/uploads\/2015\/03\/FOTO-32-300x200.jpg\",\"datePublished\":\"2015-11-17T09:47:21+00:00\",\"dateModified\":\"2018-11-28T15:56:45+00:00\",\"description\":\"Fabricaci\u00f3n por extrusi\u00f3n y estampaci\u00f3n en fr\u00edo de tornillos y piezas especiales bajo plano o muestra.\",\"breadcrumb\":{\"@id\":\"https:\/\/www.tornilleriasegur.com\/de\/tornilleria-especial\/tornillos-con-cabezas-cuadradas-rectangulares\/#breadcrumb\"},\"inLanguage\":\"de\",\"potentialAction\":[{\"@type\":\"ReadAction\",\"target\":[\"https:\/\/www.tornilleriasegur.com\/de\/tornilleria-especial\/tornillos-con-cabezas-cuadradas-rectangulares\/\"]}]},{\"@type\":\"ImageObject\",\"inLanguage\":\"de\",\"@id\":\"https:\/\/www.tornilleriasegur.com\/de\/tornilleria-especial\/tornillos-con-cabezas-cuadradas-rectangulares\/#primaryimage\",\"url\":\"https:\/\/www.tornilleriasegur.com\/de\/wp-content\/uploads\/2015\/03\/FOTO-32-300x200.jpg\",\"contentUrl\":\"https:\/\/www.tornilleriasegur.com\/de\/wp-content\/uploads\/2015\/03\/FOTO-32-300x200.jpg\"},{\"@type\":\"BreadcrumbList\",\"@id\":\"https:\/\/www.tornilleriasegur.com\/de\/tornilleria-especial\/tornillos-con-cabezas-cuadradas-rectangulares\/#breadcrumb\",\"itemListElement\":[{\"@type\":\"ListItem\",\"position\":1,\"name\":\"Portada\",\"item\":\"https:\/\/www.tornilleriasegur.com\/de\/\"},{\"@type\":\"ListItem\",\"position\":2,\"name\":\"SONDERSCHRAUBEN\",\"item\":\"https:\/\/www.tornilleriasegur.com\/de\/tornilleria-especial\/\"},{\"@type\":\"ListItem\",\"position\":3,\"name\":\"SCHRAUBEN MIT VIERKANTK\u00d6PFEN, RECHTECKK\u00d6PFEN usw\"}]},{\"@type\":\"WebSite\",\"@id\":\"https:\/\/www.tornilleriasegur.com\/de\/#website\",\"url\":\"https:\/\/www.tornilleriasegur.com\/de\/\",\"name\":\"Tornilleria Segur\",\"description\":\"HERSTELLUNG VON SCHRAUBEN UND SONDERTEILEN DURCH FLIESSPRESSEN UND KALTFORMUNG NACH ZEICHNUNG ODER MUSTER\",\"potentialAction\":[{\"@type\":\"SearchAction\",\"target\":{\"@type\":\"EntryPoint\",\"urlTemplate\":\"https:\/\/www.tornilleriasegur.com\/de\/?s={search_term_string}\"},\"query-input\":{\"@type\":\"PropertyValueSpecification\",\"valueRequired\":true,\"valueName\":\"search_term_string\"}}],\"inLanguage\":\"de\"}]}<\/script>\n<!-- \/ Yoast SEO plugin. -->","yoast_head_json":{"title":"tornillos especiales","description":"Fabricaci\u00f3n por extrusi\u00f3n y estampaci\u00f3n en fr\u00edo de tornillos y piezas especiales bajo plano o muestra.","robots":{"index":"index","follow":"follow","max-snippet":"max-snippet:-1","max-image-preview":"max-image-preview:large","max-video-preview":"max-video-preview:-1"},"canonical":"https:\/\/www.tornilleriasegur.com\/de\/tornilleria-especial\/tornillos-con-cabezas-cuadradas-rectangulares\/","og_locale":"de_DE","og_type":"article","og_title":"tornillos especiales","og_description":"Fabricaci\u00f3n por extrusi\u00f3n y estampaci\u00f3n en fr\u00edo de tornillos y piezas especiales bajo plano o muestra.","og_url":"https:\/\/www.tornilleriasegur.com\/de\/tornilleria-especial\/tornillos-con-cabezas-cuadradas-rectangulares\/","og_site_name":"Tornilleria Segur","article_modified_time":"2018-11-28T15:56:45+00:00","og_image":[{"url":"https:\/\/www.tornilleriasegur.com\/de\/wp-content\/uploads\/2015\/03\/FOTO-32-300x200.jpg","type":"","width":"","height":""}],"twitter_misc":{"Gesch\u00e4tzte Lesezeit":"1\u00a0Minute"},"schema":{"@context":"https:\/\/schema.org","@graph":[{"@type":"WebPage","@id":"https:\/\/www.tornilleriasegur.com\/de\/tornilleria-especial\/tornillos-con-cabezas-cuadradas-rectangulares\/","url":"https:\/\/www.tornilleriasegur.com\/de\/tornilleria-especial\/tornillos-con-cabezas-cuadradas-rectangulares\/","name":"tornillos especiales","isPartOf":{"@id":"https:\/\/www.tornilleriasegur.com\/de\/#website"},"primaryImageOfPage":{"@id":"https:\/\/www.tornilleriasegur.com\/de\/tornilleria-especial\/tornillos-con-cabezas-cuadradas-rectangulares\/#primaryimage"},"image":{"@id":"https:\/\/www.tornilleriasegur.com\/de\/tornilleria-especial\/tornillos-con-cabezas-cuadradas-rectangulares\/#primaryimage"},"thumbnailUrl":"https:\/\/www.tornilleriasegur.com\/de\/wp-content\/uploads\/2015\/03\/FOTO-32-300x200.jpg","datePublished":"2015-11-17T09:47:21+00:00","dateModified":"2018-11-28T15:56:45+00:00","description":"Fabricaci\u00f3n por extrusi\u00f3n y estampaci\u00f3n en fr\u00edo de tornillos y piezas especiales bajo plano o muestra.","breadcrumb":{"@id":"https:\/\/www.tornilleriasegur.com\/de\/tornilleria-especial\/tornillos-con-cabezas-cuadradas-rectangulares\/#breadcrumb"},"inLanguage":"de","potentialAction":[{"@type":"ReadAction","target":["https:\/\/www.tornilleriasegur.com\/de\/tornilleria-especial\/tornillos-con-cabezas-cuadradas-rectangulares\/"]}]},{"@type":"ImageObject","inLanguage":"de","@id":"https:\/\/www.tornilleriasegur.com\/de\/tornilleria-especial\/tornillos-con-cabezas-cuadradas-rectangulares\/#primaryimage","url":"https:\/\/www.tornilleriasegur.com\/de\/wp-content\/uploads\/2015\/03\/FOTO-32-300x200.jpg","contentUrl":"https:\/\/www.tornilleriasegur.com\/de\/wp-content\/uploads\/2015\/03\/FOTO-32-300x200.jpg"},{"@type":"BreadcrumbList","@id":"https:\/\/www.tornilleriasegur.com\/de\/tornilleria-especial\/tornillos-con-cabezas-cuadradas-rectangulares\/#breadcrumb","itemListElement":[{"@type":"ListItem","position":1,"name":"Portada","item":"https:\/\/www.tornilleriasegur.com\/de\/"},{"@type":"ListItem","position":2,"name":"SONDERSCHRAUBEN","item":"https:\/\/www.tornilleriasegur.com\/de\/tornilleria-especial\/"},{"@type":"ListItem","position":3,"name":"SCHRAUBEN MIT VIERKANTK\u00d6PFEN, RECHTECKK\u00d6PFEN usw"}]},{"@type":"WebSite","@id":"https:\/\/www.tornilleriasegur.com\/de\/#website","url":"https:\/\/www.tornilleriasegur.com\/de\/","name":"Tornilleria Segur","description":"HERSTELLUNG VON SCHRAUBEN UND SONDERTEILEN DURCH FLIESSPRESSEN UND KALTFORMUNG NACH ZEICHNUNG ODER MUSTER","potentialAction":[{"@type":"SearchAction","target":{"@type":"EntryPoint","urlTemplate":"https:\/\/www.tornilleriasegur.com\/de\/?s={search_term_string}"},"query-input":{"@type":"PropertyValueSpecification","valueRequired":true,"valueName":"search_term_string"}}],"inLanguage":"de"}]}},"_links":{"self":[{"href":"https:\/\/www.tornilleriasegur.com\/de\/wp-json\/wp\/v2\/pages\/286","targetHints":{"allow":["GET"]}}],"collection":[{"href":"https:\/\/www.tornilleriasegur.com\/de\/wp-json\/wp\/v2\/pages"}],"about":[{"href":"https:\/\/www.tornilleriasegur.com\/de\/wp-json\/wp\/v2\/types\/page"}],"author":[{"embeddable":true,"href":"https:\/\/www.tornilleriasegur.com\/de\/wp-json\/wp\/v2\/users\/1"}],"replies":[{"embeddable":true,"href":"https:\/\/www.tornilleriasegur.com\/de\/wp-json\/wp\/v2\/comments?post=286"}],"version-history":[{"count":6,"href":"https:\/\/www.tornilleriasegur.com\/de\/wp-json\/wp\/v2\/pages\/286\/revisions"}],"predecessor-version":[{"id":430,"href":"https:\/\/www.tornilleriasegur.com\/de\/wp-json\/wp\/v2\/pages\/286\/revisions\/430"}],"up":[{"embeddable":true,"href":"https:\/\/www.tornilleriasegur.com\/de\/wp-json\/wp\/v2\/pages\/153"}],"wp:attachment":[{"href":"https:\/\/www.tornilleriasegur.com\/de\/wp-json\/wp\/v2\/media?parent=286"}],"curies":[{"name":"wp","href":"https:\/\/api.w.org\/{rel}","templated":true}]}}