{"id":22,"date":"2015-03-05T22:54:03","date_gmt":"2015-03-05T22:54:03","guid":{"rendered":"http:\/\/maquinaria-para-la-madera.com\/segur\/?page_id=22"},"modified":"2022-02-01T16:13:33","modified_gmt":"2022-02-01T16:13:33","slug":"tornillos-especiales","status":"publish","type":"page","link":"https:\/\/www.tornilleriasegur.com\/de\/","title":{"rendered":"PR\u00c4SENTATION"},"content":{"rendered":"<p>[et_pb_section transparent_background=&#8220;off&#8220; allow_player_pause=&#8220;off&#8220; inner_shadow=&#8220;off&#8220; parallax=&#8220;off&#8220; parallax_method=&#8220;on&#8220; padding_mobile=&#8220;off&#8220; make_fullwidth=&#8220;off&#8220; use_custom_width=&#8220;off&#8220; width_unit=&#8220;off&#8220; custom_width_px=&#8220;1080px&#8220; custom_width_percent=&#8220;80%&#8220; make_equal=&#8220;off&#8220; use_custom_gutter=&#8220;off&#8220; fullwidth=&#8220;on&#8220; specialty=&#8220;off&#8220; admin_label=&#8220;section&#8220; disabled=&#8220;off&#8220;][et_pb_fullwidth_slider show_arrows=&#8220;on&#8220; show_pagination=&#8220;on&#8220; auto=&#8220;on&#8220; auto_speed=&#8220;4000&#8243; auto_ignore_hover=&#8220;off&#8220; parallax=&#8220;off&#8220; parallax_method=&#8220;off&#8220; remove_inner_shadow=&#8220;off&#8220; background_position=&#8220;default&#8220; background_size=&#8220;default&#8220; hide_content_on_mobile=&#8220;off&#8220; hide_cta_on_mobile=&#8220;off&#8220; show_image_video_mobile=&#8220;off&#8220; admin_label=&#8220;Vollbreiter Slider&#8220; custom_button=&#8220;off&#8220; button_text_size=&#8220;20&#8243; button_use_icon=&#8220;on&#8220; button_icon_placement=&#8220;right&#8220; button_on_hover=&#8220;on&#8220; button_letter_spacing_hover=&#8220;0&#8243; disabled=&#8220;off&#8220;][et_pb_slide button_link=&#8220;#&#8220; background_image=&#8220;https:\/\/www.tornilleriasegur.com\/de\/wp-content\/uploads\/2015\/03\/slider1.jpg&#8220; background_position=&#8220;center&#8220; background_size=&#8220;contain&#8220; background_color=&#8220;#ffffff&#8220; use_bg_overlay=&#8220;off&#8220; use_text_overlay=&#8220;off&#8220; alignment=&#8220;center&#8220; background_layout=&#8220;dark&#8220; allow_player_pause=&#8220;off&#8220; text_border_radius=&#8220;3&#8243; custom_button=&#8220;off&#8220; button_use_icon=&#8220;on&#8220; button_on_hover=&#8220;on&#8220; disabled=&#8220;off&#8220;][\/et_pb_slide][et_pb_slide button_link=&#8220;#&#8220; background_image=&#8220;https:\/\/www.tornilleriasegur.com\/de\/wp-content\/uploads\/2015\/03\/slider3.jpg&#8220; background_position=&#8220;center&#8220; background_size=&#8220;initial&#8220; background_color=&#8220;#ffffff&#8220; use_bg_overlay=&#8220;off&#8220; use_text_overlay=&#8220;off&#8220; alignment=&#8220;center&#8220; background_layout=&#8220;dark&#8220; allow_player_pause=&#8220;off&#8220; text_border_radius=&#8220;3&#8243; custom_button=&#8220;off&#8220; button_use_icon=&#8220;on&#8220; button_on_hover=&#8220;on&#8220; disabled=&#8220;off&#8220;][\/et_pb_slide][et_pb_slide button_link=&#8220;#&#8220; background_image=&#8220;https:\/\/www.tornilleriasegur.com\/de\/wp-content\/uploads\/2015\/03\/slider2.jpg&#8220; background_position=&#8220;center&#8220; background_size=&#8220;initial&#8220; background_color=&#8220;#ffffff&#8220; use_bg_overlay=&#8220;off&#8220; use_text_overlay=&#8220;off&#8220; alignment=&#8220;center&#8220; background_layout=&#8220;dark&#8220; allow_player_pause=&#8220;off&#8220; text_border_radius=&#8220;3&#8243; custom_button=&#8220;off&#8220; button_use_icon=&#8220;on&#8220; button_on_hover=&#8220;on&#8220; disabled=&#8220;off&#8220;][\/et_pb_slide][et_pb_slide button_link=&#8220;#&#8220; background_image=&#8220;https:\/\/www.tornilleriasegur.com\/de\/wp-content\/uploads\/2015\/03\/slider4.jpg&#8220; background_position=&#8220;center&#8220; background_size=&#8220;initial&#8220; background_color=&#8220;#ffffff&#8220; use_bg_overlay=&#8220;off&#8220; use_text_overlay=&#8220;off&#8220; alignment=&#8220;center&#8220; background_layout=&#8220;dark&#8220; allow_player_pause=&#8220;off&#8220; text_border_radius=&#8220;3&#8243; custom_button=&#8220;off&#8220; button_use_icon=&#8220;on&#8220; button_on_hover=&#8220;on&#8220; disabled=&#8220;off&#8220;][\/et_pb_slide][\/et_pb_fullwidth_slider][\/et_pb_section][et_pb_section transparent_background=&#8220;off&#8220; allow_player_pause=&#8220;off&#8220; inner_shadow=&#8220;off&#8220; parallax=&#8220;off&#8220; parallax_method=&#8220;on&#8220; padding_mobile=&#8220;off&#8220; make_fullwidth=&#8220;off&#8220; use_custom_width=&#8220;off&#8220; width_unit=&#8220;off&#8220; custom_width_px=&#8220;1080px&#8220; custom_width_percent=&#8220;80%&#8220; make_equal=&#8220;off&#8220; use_custom_gutter=&#8220;off&#8220; fullwidth=&#8220;off&#8220; specialty=&#8220;off&#8220; admin_label=&#8220;section&#8220; disabled=&#8220;off&#8220;][et_pb_row make_fullwidth=&#8220;off&#8220; use_custom_width=&#8220;off&#8220; width_unit=&#8220;off&#8220; custom_width_px=&#8220;1080px&#8220; custom_width_percent=&#8220;80%&#8220; use_custom_gutter=&#8220;off&#8220; gutter_width=&#8220;3&#8243; padding_mobile=&#8220;off&#8220; custom_margin=&#8220;-35px|||&#8220; allow_player_pause=&#8220;off&#8220; parallax=&#8220;off&#8220; parallax_method=&#8220;on&#8220; make_equal=&#8220;off&#8220; column_padding_mobile=&#8220;on&#8220; parallax_1=&#8220;off&#8220; parallax_method_1=&#8220;on&#8220; parallax_2=&#8220;off&#8220; parallax_method_2=&#8220;on&#8220; parallax_3=&#8220;off&#8220; parallax_method_3=&#8220;on&#8220; parallax_4=&#8220;off&#8220; parallax_method_4=&#8220;on&#8220; admin_label=&#8220;row&#8220; disabled=&#8220;off&#8220;][et_pb_column type=&#8220;4_4&#8243; disabled=&#8220;off&#8220; parallax=&#8220;off&#8220; parallax_method=&#8220;on&#8220; column_padding_mobile=&#8220;on&#8220;][et_pb_text background_layout=&#8220;light&#8220; text_orientation=&#8220;left&#8220; admin_label=&#8220;Text&#8220; use_border_color=&#8220;off&#8220; border_style=&#8220;solid&#8220; disabled=&#8220;off&#8220;]<\/p>\n<h3 style=\"text-align: center;\"><span style=\"color: #008000;\"><b><big><big>HERSTELLUNG VON SCHRAUBEN UND SONDERTEILEN DURCH FLIESSPRESSEN UND KALTFORMUNG NACH ZEICHNUNG ODER MUSTER<\/big><\/big><\/b><\/span><\/h3>\n<p>[\/et_pb_text][et_pb_divider color=&#8220;#ffffff&#8220; divider_style=&#8220;solid&#8220; divider_position=&#8220;top&#8220; divider_weight=&#8220;1px&#8220; hide_on_mobile=&#8220;on&#8220; admin_label=&#8220;Teiler&#8220; disabled=&#8220;off&#8220;] [\/et_pb_divider][et_pb_text background_layout=&#8220;light&#8220; text_orientation=&#8220;left&#8220; admin_label=&#8220;Text&#8220; use_border_color=&#8220;off&#8220; border_style=&#8220;solid&#8220; disabled=&#8220;off&#8220;]<\/p>\n<h2>SONDERSCHRAUBEN<\/h2>\n<p>[\/et_pb_text][et_pb_text background_layout=&#8220;light&#8220; text_orientation=&#8220;left&#8220; admin_label=&#8220;Text&#8220; use_border_color=&#8220;off&#8220; border_style=&#8220;solid&#8220; disabled=&#8220;off&#8220;]<\/p>\n<p><strong><a href=\"https:\/\/www.tornilleriasegur.com\/de\/wp-content\/uploads\/2015\/03\/fachada.jpg\"><img loading=\"lazy\" decoding=\"async\" class=\"alignleft wp-image-151 \" src=\"https:\/\/www.tornilleriasegur.com\/de\/wp-content\/uploads\/2015\/03\/fachada-300x222.jpg\" alt=\"tornillos especiales\" width=\"386\" height=\"286\" srcset=\"https:\/\/www.tornilleriasegur.com\/de\/wp-content\/uploads\/2015\/03\/fachada-300x222.jpg 300w, https:\/\/www.tornilleriasegur.com\/de\/wp-content\/uploads\/2015\/03\/fachada.jpg 900w\" sizes=\"(max-width: 386px) 100vw, 386px\" \/><\/a><\/strong><\/p>\n<p><strong>Unser Unternehmen wurde 1963 gegr\u00fcndet und besitzt eine mehr als 50-j\u00e4hrige Erfahrung in der Herstellung von Teilen durch Kaltformung<\/strong>\u00a0mit Durchmessern von 4 mm bis 14 mm und L\u00e4ngen bis 110 mm.<\/p>\n<p>Unsere Produkte gehen haupts\u00e4chlich in die\u00a0<strong>Automobilbranche<\/strong>, doch haben wir auch gro\u00dfe Erfahrung in Branchen wie\u00a0<strong>Elektrohaushaltsger\u00e4te, Elektrifikation, Landwirtschaftsmaschinen usw.<\/strong><\/p>\n<p>Dank unserer hochqualifizierten technischen und personellen Ressourcen, mit denen wir die Zufriedenheit unserer Kunden anstreben, ist unser Unternehmen schnell und operativ.<\/p>\n<p>Die Leitung und das Personal von\u00a0<strong>Torniller\u00eda SEGUR, S.A.<\/strong>\u00a0sind der\u00a0<strong>ZUFRIEDENHEIT<\/strong>\u00a0der\u00a0<strong>KUNDEN<\/strong>\u00a0verpflichtet. Hierf\u00fcr steht ein effizientes Qualit\u00e4tssicherungssystem auf der Basis der\u00a0<strong>ISO 9001:2008<\/strong>\u00a0zur Verf\u00fcgung.<\/p>\n<p>[\/et_pb_text][et_pb_divider color=&#8220;#ffffff&#8220; divider_style=&#8220;solid&#8220; divider_position=&#8220;top&#8220; divider_weight=&#8220;1px&#8220; hide_on_mobile=&#8220;on&#8220; admin_label=&#8220;Teiler&#8220; disabled=&#8220;off&#8220;] [\/et_pb_divider][\/et_pb_column][\/et_pb_row][et_pb_row make_fullwidth=&#8220;off&#8220; use_custom_width=&#8220;off&#8220; width_unit=&#8220;off&#8220; custom_width_px=&#8220;1080px&#8220; custom_width_percent=&#8220;80%&#8220; use_custom_gutter=&#8220;off&#8220; gutter_width=&#8220;3&#8243; padding_mobile=&#8220;off&#8220; allow_player_pause=&#8220;off&#8220; parallax=&#8220;off&#8220; parallax_method=&#8220;on&#8220; make_equal=&#8220;off&#8220; column_padding_mobile=&#8220;on&#8220; parallax_1=&#8220;off&#8220; parallax_method_1=&#8220;on&#8220; parallax_2=&#8220;off&#8220; parallax_method_2=&#8220;on&#8220; parallax_3=&#8220;off&#8220; parallax_method_3=&#8220;on&#8220; parallax_4=&#8220;off&#8220; parallax_method_4=&#8220;on&#8220; admin_label=&#8220;row&#8220; disabled=&#8220;off&#8220;][et_pb_column type=&#8220;4_4&#8243; disabled=&#8220;off&#8220; parallax=&#8220;off&#8220; parallax_method=&#8220;on&#8220; column_padding_mobile=&#8220;on&#8220;][et_pb_text background_layout=&#8220;light&#8220; text_orientation=&#8220;left&#8220; admin_label=&#8220;Text&#8220; use_border_color=&#8220;off&#8220; border_style=&#8220;solid&#8220; disabled=&#8220;off&#8220;]<\/p>\n<h2><span style=\"color: #003300;\">E<\/span>XPORTIEREN<\/h2>\n<p>[\/et_pb_text][\/et_pb_column][\/et_pb_row][et_pb_row make_fullwidth=&#8220;off&#8220; use_custom_width=&#8220;off&#8220; width_unit=&#8220;off&#8220; custom_width_px=&#8220;1080px&#8220; custom_width_percent=&#8220;80%&#8220; use_custom_gutter=&#8220;off&#8220; gutter_width=&#8220;3&#8243; padding_mobile=&#8220;off&#8220; allow_player_pause=&#8220;off&#8220; parallax=&#8220;off&#8220; parallax_method=&#8220;on&#8220; make_equal=&#8220;off&#8220; column_padding_mobile=&#8220;on&#8220; parallax_1=&#8220;off&#8220; parallax_method_1=&#8220;on&#8220; parallax_2=&#8220;off&#8220; parallax_method_2=&#8220;on&#8220; parallax_3=&#8220;off&#8220; parallax_method_3=&#8220;on&#8220; parallax_4=&#8220;off&#8220; parallax_method_4=&#8220;on&#8220; admin_label=&#8220;row&#8220; disabled=&#8220;off&#8220;][et_pb_column type=&#8220;1_3&#8243; disabled=&#8220;off&#8220; parallax=&#8220;off&#8220; parallax_method=&#8220;on&#8220; column_padding_mobile=&#8220;on&#8220;][et_pb_blurb url=&#8220;http:\/\/fastenex.com\/es\/&#8220; url_new_window=&#8220;off&#8220; use_icon=&#8220;off&#8220; icon_color=&#8220;#1ea025&#8243; use_circle=&#8220;off&#8220; circle_color=&#8220;#1ea025&#8243; use_circle_border=&#8220;off&#8220; circle_border_color=&#8220;#1ea025&#8243; image=&#8220;https:\/\/www.tornilleriasegur.com\/de\/wp-content\/uploads\/2015\/03\/fastenex.jpg&#8220; icon_placement=&#8220;top&#8220; animation=&#8220;top&#8220; background_layout=&#8220;light&#8220; text_orientation=&#8220;center&#8220; use_icon_font_size=&#8220;off&#8220; icon_font_size=&#8220;96px&#8220; admin_label=&#8220;Informationstext&#8220; use_border_color=&#8220;off&#8220; border_color=&#8220;#ffffff&#8220; border_width=&#8220;1px&#8220; border_style=&#8220;solid&#8220; disabled=&#8220;off&#8220;] [\/et_pb_blurb][\/et_pb_column][et_pb_column type=&#8220;2_3&#8243; disabled=&#8220;off&#8220; parallax=&#8220;off&#8220; parallax_method=&#8220;on&#8220; column_padding_mobile=&#8220;on&#8220;][et_pb_text background_layout=&#8220;light&#8220; text_orientation=&#8220;left&#8220; admin_label=&#8220;Text&#8220; use_border_color=&#8220;off&#8220; border_style=&#8220;solid&#8220; disabled=&#8220;off&#8220;]<\/p>\n<p>ASTENEX, S.L. ist eine Gruppe f\u00fcr den Export in Nord-Spanien und wurde gegrundet in 1986. Wir sind Hersteller von\u00a0<strong>Befestigungsteile<\/strong>, sowohl Sonder als Norm: Schrauben, Muttern, Scheiben und Sonderteilen.<\/p>\n<p>Wir verkaufen haupts\u00e4chlich an Europ\u00e4ische L\u00e4nder und heutzutage haben wir Vertretungen in Deutschland, Frankreich und in dem Vereinigten K\u00f6nigreich.<\/p>\n<p>Als Gruppe k\u00f6nnen wir eine grosse Palette Produkte anbieten f\u00fcr verschiedene Sektoren wie Automotive, Industrie, Eisenbahnen usw.<\/p>\n<p>Jedes Jahr stellen wir auf mehrere Europ\u00e4ische Handelsmessen aus.<\/p>\n<h3>ABMACHUNG MIT DEN KUNDEN<br \/>\nVON FASTENEX<\/h3>\n<h4>VERBESSERUNGEN F\u00dcR DIE KUNDEN<\/h4>\n<p>Alle Mitglieder \/ Hersteller von FASTENEX best\u00e4tigen die folgende Abmachungen:<br \/>\n\u2022 Antwort auf Anfragen innerhalb 3 Arbeitstagen.<br \/>\n\u2022 Auftragsbest\u00e4tigungen innerhalb 3 Arbeitstagen.<br \/>\n\u2022 Antwort auf Qualit\u00e4tsm\u00e4ngel innerhalb 24 Stunden.<\/p>\n<p>[\/et_pb_text][\/et_pb_column][\/et_pb_row][et_pb_row make_fullwidth=&#8220;off&#8220; use_custom_width=&#8220;off&#8220; width_unit=&#8220;off&#8220; custom_width_px=&#8220;1080px&#8220; custom_width_percent=&#8220;80%&#8220; use_custom_gutter=&#8220;off&#8220; gutter_width=&#8220;3&#8243; padding_mobile=&#8220;off&#8220; allow_player_pause=&#8220;off&#8220; parallax=&#8220;off&#8220; parallax_method=&#8220;on&#8220; make_equal=&#8220;off&#8220; column_padding_mobile=&#8220;on&#8220; parallax_1=&#8220;off&#8220; parallax_method_1=&#8220;on&#8220; parallax_2=&#8220;off&#8220; parallax_method_2=&#8220;on&#8220; parallax_3=&#8220;off&#8220; parallax_method_3=&#8220;on&#8220; parallax_4=&#8220;off&#8220; parallax_method_4=&#8220;on&#8220; admin_label=&#8220;row&#8220; disabled=&#8220;off&#8220;][et_pb_column type=&#8220;4_4&#8243; disabled=&#8220;off&#8220; parallax=&#8220;off&#8220; parallax_method=&#8220;on&#8220; column_padding_mobile=&#8220;on&#8220;][et_pb_text background_layout=&#8220;light&#8220; text_orientation=&#8220;left&#8220; admin_label=&#8220;Text&#8220; use_border_color=&#8220;off&#8220; border_style=&#8220;solid&#8220; disabled=&#8220;off&#8220;]<\/p>\n<h2><span style=\"color: #008000;\">L<\/span>OCALISIERUN<\/h2>\n<p>[\/et_pb_text][et_pb_divider color=&#8220;#ffffff&#8220; divider_style=&#8220;solid&#8220; divider_position=&#8220;top&#8220; divider_weight=&#8220;1px&#8220; hide_on_mobile=&#8220;on&#8220; admin_label=&#8220;Teiler&#8220; disabled=&#8220;off&#8220;] [\/et_pb_divider][\/et_pb_column][et_pb_column type=&#8220;4_4&#8243; disabled=&#8220;off&#8220; parallax=&#8220;off&#8220; parallax_method=&#8220;on&#8220; column_padding_mobile=&#8220;on&#8220;][et_pb_map address=&#8220;Amillaga Kalea, 13, 20570 Bergara, Gipuzkoa, Espa\u00f1a&#8220; zoom_level=&#8220;18&#8243; address_lat=&#8220;43.12434274749794&#8243; address_lng=&#8220;-2.4231077339661624&#8243; mouse_wheel=&#8220;on&#8220; mobile_dragging=&#8220;on&#8220; use_grayscale_filter=&#8220;off&#8220; grayscale_filter_amount=&#8220;0&#8243; admin_label=&#8220;Karte&#8220; disabled=&#8220;off&#8220;][et_pb_map_pin title=&#8220;TORNILLER\u00cdA SEGUR&#8220; pin_address=&#8220;Amillaga Kalea, 16, 20570 Bergara, Gipuzkoa, Espa\u00f1a&#8220; zoom_level=&#8220;18&#8243; pin_address_lat=&#8220;43.12420228264576&#8243; pin_address_lng=&#8220;-2.4232877764769682&#8243; disabled=&#8220;off&#8220;][\/et_pb_map_pin][\/et_pb_map][\/et_pb_column][\/et_pb_row][\/et_pb_section]<\/p>\n","protected":false},"excerpt":{"rendered":"<p>HERSTELLUNG VON SCHRAUBEN UND SONDERTEILEN DURCH FLIESSPRESSEN UND KALTFORMUNG NACH ZEICHNUNG ODER MUSTER SONDERSCHRAUBEN Unser Unternehmen wurde 1963 gegr\u00fcndet und besitzt eine mehr als 50-j\u00e4hrige Erfahrung in der Herstellung von Teilen durch Kaltformung\u00a0mit Durchmessern von 4 mm bis 14 mm und L\u00e4ngen bis 110 mm. Unsere Produkte gehen haupts\u00e4chlich in die\u00a0Automobilbranche, doch haben wir auch [&hellip;]<\/p>\n","protected":false},"author":1,"featured_media":0,"parent":0,"menu_order":0,"comment_status":"closed","ping_status":"closed","template":"","meta":{"_et_pb_use_builder":"on","_et_pb_old_content":"<h2>Tornillos especiales<\/h2><p><strong><a href=\"https:\/\/www.tornilleriasegur.com\/de\/wp-content\/uploads\/2015\/03\/fachada.jpg\"><img class=\"alignleft wp-image-151 size-medium\" src=\"https:\/\/www.tornilleriasegur.com\/de\/wp-content\/uploads\/2015\/03\/fachada-300x222.jpg\" alt=\"tornillos especiales\" width=\"300\" height=\"222\" \/><\/a><br \/> <\/strong><\/p><p><strong>Somos una empresa fundada en 1963, con m\u00e1s de 50 a\u00f1os de experiencia en la fabricaci\u00f3n de piezas por deformaci\u00f3n en fr\u00edo<\/strong> desde di\u00e1metro de 4mm hasta 14mm y longitudes hasta 110mm.<\/p><p>Nuestros productos van dirigidos principalmente al <strong>sector de Automoci\u00f3n<\/strong>, aunque tambi\u00e9n tenemos amplia experiencia en sectores como <strong>electrodom\u00e9sticos, electrificaci\u00f3n, obras p\u00fablicas, maquinaria agr\u00edcola, etc\u2026<\/strong><\/p><p>Somos una empresa \u00e1gil y operativa gracias a nuestros recursos t\u00e9cnicos y humanos altamente cualificados, con los que queremos lograr la satisfacci\u00f3n de nuestros clientes.<\/p><p>La direcci\u00f3n y personal de <strong>Torniller\u00eda SEGUR, S.A.<\/strong> estamos comprometidos en conseguir la <strong>SATISFACCI\u00d3N<\/strong> de nuestros\u00a0<strong>CLIENTES<\/strong>, para lo cual disponemos de un Sistema de Gesti\u00f3n de la Calidad eficaz basado en la norma <strong>ISO 9001:2008.<\/strong><\/p>","_et_gb_content_width":"","footnotes":""},"class_list":["post-22","page","type-page","status-publish","hentry"],"yoast_head":"<!-- This site is optimized with the Yoast SEO plugin v27.2 - https:\/\/yoast.com\/product\/yoast-seo-wordpress\/ -->\n<title>tornillos especiales<\/title>\n<meta name=\"description\" content=\"Fabricacion de tornillos especiales\" \/>\n<meta name=\"robots\" content=\"index, follow, max-snippet:-1, max-image-preview:large, max-video-preview:-1\" \/>\n<link rel=\"canonical\" href=\"https:\/\/www.tornilleriasegur.com\/de\/\" \/>\n<meta property=\"og:locale\" content=\"de_DE\" \/>\n<meta property=\"og:type\" content=\"article\" \/>\n<meta property=\"og:title\" content=\"tornillos especiales\" \/>\n<meta property=\"og:description\" content=\"Fabricacion de tornillos especiales\" \/>\n<meta property=\"og:url\" content=\"https:\/\/www.tornilleriasegur.com\/de\/\" \/>\n<meta property=\"og:site_name\" content=\"Tornilleria Segur\" \/>\n<meta property=\"article:modified_time\" content=\"2022-02-01T16:13:33+00:00\" \/>\n<meta property=\"og:image\" content=\"https:\/\/www.tornilleriasegur.com\/de\/wp-content\/uploads\/2015\/03\/fachada-300x222.jpg\" \/>\n<meta name=\"twitter:label1\" content=\"Gesch\u00e4tzte Lesezeit\" \/>\n\t<meta name=\"twitter:data1\" content=\"7\u00a0Minuten\" \/>\n<script type=\"application\/ld+json\" class=\"yoast-schema-graph\">{\"@context\":\"https:\/\/schema.org\",\"@graph\":[{\"@type\":\"WebPage\",\"@id\":\"https:\/\/www.tornilleriasegur.com\/de\/\",\"url\":\"https:\/\/www.tornilleriasegur.com\/de\/\",\"name\":\"tornillos especiales\",\"isPartOf\":{\"@id\":\"https:\/\/www.tornilleriasegur.com\/de\/#website\"},\"primaryImageOfPage\":{\"@id\":\"https:\/\/www.tornilleriasegur.com\/de\/#primaryimage\"},\"image\":{\"@id\":\"https:\/\/www.tornilleriasegur.com\/de\/#primaryimage\"},\"thumbnailUrl\":\"https:\/\/www.tornilleriasegur.com\/de\/wp-content\/uploads\/2015\/03\/fachada-300x222.jpg\",\"datePublished\":\"2015-03-05T22:54:03+00:00\",\"dateModified\":\"2022-02-01T16:13:33+00:00\",\"description\":\"Fabricacion de tornillos especiales\",\"breadcrumb\":{\"@id\":\"https:\/\/www.tornilleriasegur.com\/de\/#breadcrumb\"},\"inLanguage\":\"de\",\"potentialAction\":[{\"@type\":\"ReadAction\",\"target\":[\"https:\/\/www.tornilleriasegur.com\/de\/\"]}]},{\"@type\":\"ImageObject\",\"inLanguage\":\"de\",\"@id\":\"https:\/\/www.tornilleriasegur.com\/de\/#primaryimage\",\"url\":\"https:\/\/www.tornilleriasegur.com\/de\/wp-content\/uploads\/2015\/03\/fachada-300x222.jpg\",\"contentUrl\":\"https:\/\/www.tornilleriasegur.com\/de\/wp-content\/uploads\/2015\/03\/fachada-300x222.jpg\"},{\"@type\":\"BreadcrumbList\",\"@id\":\"https:\/\/www.tornilleriasegur.com\/de\/#breadcrumb\",\"itemListElement\":[{\"@type\":\"ListItem\",\"position\":1,\"name\":\"Portada\",\"item\":\"https:\/\/www.tornilleriasegur.com\/de\/\"},{\"@type\":\"ListItem\",\"position\":2,\"name\":\"PR\u00c4SENTATION\"}]},{\"@type\":\"WebSite\",\"@id\":\"https:\/\/www.tornilleriasegur.com\/de\/#website\",\"url\":\"https:\/\/www.tornilleriasegur.com\/de\/\",\"name\":\"Tornilleria Segur\",\"description\":\"HERSTELLUNG VON SCHRAUBEN UND SONDERTEILEN DURCH FLIESSPRESSEN UND KALTFORMUNG NACH ZEICHNUNG ODER MUSTER\",\"potentialAction\":[{\"@type\":\"SearchAction\",\"target\":{\"@type\":\"EntryPoint\",\"urlTemplate\":\"https:\/\/www.tornilleriasegur.com\/de\/?s={search_term_string}\"},\"query-input\":{\"@type\":\"PropertyValueSpecification\",\"valueRequired\":true,\"valueName\":\"search_term_string\"}}],\"inLanguage\":\"de\"}]}<\/script>\n<!-- \/ Yoast SEO plugin. -->","yoast_head_json":{"title":"tornillos especiales","description":"Fabricacion de tornillos especiales","robots":{"index":"index","follow":"follow","max-snippet":"max-snippet:-1","max-image-preview":"max-image-preview:large","max-video-preview":"max-video-preview:-1"},"canonical":"https:\/\/www.tornilleriasegur.com\/de\/","og_locale":"de_DE","og_type":"article","og_title":"tornillos especiales","og_description":"Fabricacion de tornillos especiales","og_url":"https:\/\/www.tornilleriasegur.com\/de\/","og_site_name":"Tornilleria Segur","article_modified_time":"2022-02-01T16:13:33+00:00","og_image":[{"url":"https:\/\/www.tornilleriasegur.com\/de\/wp-content\/uploads\/2015\/03\/fachada-300x222.jpg","type":"","width":"","height":""}],"twitter_misc":{"Gesch\u00e4tzte Lesezeit":"7\u00a0Minuten"},"schema":{"@context":"https:\/\/schema.org","@graph":[{"@type":"WebPage","@id":"https:\/\/www.tornilleriasegur.com\/de\/","url":"https:\/\/www.tornilleriasegur.com\/de\/","name":"tornillos especiales","isPartOf":{"@id":"https:\/\/www.tornilleriasegur.com\/de\/#website"},"primaryImageOfPage":{"@id":"https:\/\/www.tornilleriasegur.com\/de\/#primaryimage"},"image":{"@id":"https:\/\/www.tornilleriasegur.com\/de\/#primaryimage"},"thumbnailUrl":"https:\/\/www.tornilleriasegur.com\/de\/wp-content\/uploads\/2015\/03\/fachada-300x222.jpg","datePublished":"2015-03-05T22:54:03+00:00","dateModified":"2022-02-01T16:13:33+00:00","description":"Fabricacion de tornillos especiales","breadcrumb":{"@id":"https:\/\/www.tornilleriasegur.com\/de\/#breadcrumb"},"inLanguage":"de","potentialAction":[{"@type":"ReadAction","target":["https:\/\/www.tornilleriasegur.com\/de\/"]}]},{"@type":"ImageObject","inLanguage":"de","@id":"https:\/\/www.tornilleriasegur.com\/de\/#primaryimage","url":"https:\/\/www.tornilleriasegur.com\/de\/wp-content\/uploads\/2015\/03\/fachada-300x222.jpg","contentUrl":"https:\/\/www.tornilleriasegur.com\/de\/wp-content\/uploads\/2015\/03\/fachada-300x222.jpg"},{"@type":"BreadcrumbList","@id":"https:\/\/www.tornilleriasegur.com\/de\/#breadcrumb","itemListElement":[{"@type":"ListItem","position":1,"name":"Portada","item":"https:\/\/www.tornilleriasegur.com\/de\/"},{"@type":"ListItem","position":2,"name":"PR\u00c4SENTATION"}]},{"@type":"WebSite","@id":"https:\/\/www.tornilleriasegur.com\/de\/#website","url":"https:\/\/www.tornilleriasegur.com\/de\/","name":"Tornilleria Segur","description":"HERSTELLUNG VON SCHRAUBEN UND SONDERTEILEN DURCH FLIESSPRESSEN UND KALTFORMUNG NACH ZEICHNUNG ODER MUSTER","potentialAction":[{"@type":"SearchAction","target":{"@type":"EntryPoint","urlTemplate":"https:\/\/www.tornilleriasegur.com\/de\/?s={search_term_string}"},"query-input":{"@type":"PropertyValueSpecification","valueRequired":true,"valueName":"search_term_string"}}],"inLanguage":"de"}]}},"_links":{"self":[{"href":"https:\/\/www.tornilleriasegur.com\/de\/wp-json\/wp\/v2\/pages\/22","targetHints":{"allow":["GET"]}}],"collection":[{"href":"https:\/\/www.tornilleriasegur.com\/de\/wp-json\/wp\/v2\/pages"}],"about":[{"href":"https:\/\/www.tornilleriasegur.com\/de\/wp-json\/wp\/v2\/types\/page"}],"author":[{"embeddable":true,"href":"https:\/\/www.tornilleriasegur.com\/de\/wp-json\/wp\/v2\/users\/1"}],"replies":[{"embeddable":true,"href":"https:\/\/www.tornilleriasegur.com\/de\/wp-json\/wp\/v2\/comments?post=22"}],"version-history":[{"count":36,"href":"https:\/\/www.tornilleriasegur.com\/de\/wp-json\/wp\/v2\/pages\/22\/revisions"}],"predecessor-version":[{"id":574,"href":"https:\/\/www.tornilleriasegur.com\/de\/wp-json\/wp\/v2\/pages\/22\/revisions\/574"}],"wp:attachment":[{"href":"https:\/\/www.tornilleriasegur.com\/de\/wp-json\/wp\/v2\/media?parent=22"}],"curies":[{"name":"wp","href":"https:\/\/api.w.org\/{rel}","templated":true}]}}